{"id":250,"date":"2023-05-05T11:54:52","date_gmt":"2023-05-05T15:54:52","guid":{"rendered":"http:\/\/pesticideresources.test\/?page_id=250"},"modified":"2026-03-24T12:12:49","modified_gmt":"2026-03-24T16:12:49","slug":"meet-our-team","status":"publish","type":"page","link":"https:\/\/www.pesticideresources.org\/es\/about\/meet-our-team\/","title":{"rendered":"Conozca a nuestro equipo"},"content":{"rendered":"<section class=\"block block-banner  sans-image\">\n    <div class=\"block-banner--wrapper |  flex-container\">\n        <div class=\"blk9\/12-xl blk9\/12-lg blk8\/12-md blk8\/12-sm blk12\/12-xs bleed-margin flex-container flex-justify-center flex-align-items-center\">\n            <div class=\"blk7\/9-xl blk7\/9-lg blk7\/9-md blk7\/9-sm blk9\/9-xs bleed-margin\">\n                <div class=\"container\">\n                                        <div class=\"block-banner--content |  mx-auto\">\n                                                    <h1>Conozca a nuestro equipo<\/h1>\n                                                                            <div class=\"text\">\n                                <p>El equipo de PERC incluye administradores, organizadores, instructores, comunicadores, asesores, escritores y m\u00e1s. Algunos de los miembros del Consejo Asesor han estado en servicio desde 2016. Algunos escritores se unen a nosotros para desarrollar una publicaci\u00f3n. El equipo central se describe a continuaci\u00f3n.<\/p>\n                            <\/div>\n                                                                    <\/div>\n                <\/div>\n            <\/div>\n        <\/div>\n            <\/div>\n<\/section>\n\n\n<div class=\"block block-team-members\" >\n    <div class=\"\">\n        <div class=\"blk10\/12-xl blk10\/12-lg blk10\/12-md blk10\/12-sm bleed-margin mx-auto relative\">\n            <div class=\"team-grid | grid-container\">\n                                                        <div class=\"team-member | bg-primary-color\">\n                        <div class=\"inner relative\">\n                        <div class=\"flex-container\">\n                            <div class=\"team-member--headshot\">\n                                <img loading=\"lazy\" decoding=\"async\" width=\"150\" height=\"150\" src=\"https:\/\/www.pesticideresources.org\/wp-content\/uploads\/2023\/06\/Suzanne-Head-Shot-June-2023-1.jpg\" class=\"attachment-thumbnail size-thumbnail wp-post-image\" alt=\"\" \/>                            <\/div>\n                            <div class=\"team-member--content  scrollable\">\n                                <h2 class=\"fs-team-member-name\">Susanna Forsyth<\/h2>\n                                                                <div class=\"team-member--title\"><span class=\"h5\">Copresidente<\/span><\/div>\n                                                                    <div class=\"organization\"><span class=\"fs-little-body\">Educaci\u00f3n continua y profesional de UC Davis\t<\/span><\/div>\n                                                                                                    <div><a href=\"mailto:spforsyth@ucdavis.edu\" class=\"common-link\">Enviar correo electr\u00f3nico<\/a><\/div>\n                                                                                                    <input id=\"ch-69d0a56fdb30b\" type=\"checkbox\" class=\"checkbox\">\n                                    <div class=\"fs-little-body biography\">\n                                        <ul>\n<li>Licenciatura en Toxicolog\u00eda Ambiental UC Davis; Maestr\u00eda en Salud P\u00fablica UC Berkeley<\/li>\n<li>Casi 30 a\u00f1os de experiencia sirviendo a funcionarios reguladores de pesticidas y partes interesadas a nivel tribal, estatal y federal.<\/li>\n<li>Experiencia como qu\u00edmica de registro de pesticidas, especialista en calidad del agua y asociada en evaluaci\u00f3n de riesgos, aportando especificidad tem\u00e1tica a su trabajo en la educaci\u00f3n sobre seguridad de pesticidas.<\/li>\n<li>Anteriormente se desempe\u00f1\u00f3 como Coordinador del Consejo Tribal del Programa de Pesticidas (TPPC)<\/li>\n<li>18 a\u00f1os gestionaron con \u00e9xito el Programa de Educaci\u00f3n sobre Regulaci\u00f3n de Pesticidas (PREP), aclamado a nivel nacional.<\/li>\n<li>En 2014 fue honrado con la membres\u00eda vitalicia de la Asociaci\u00f3n Estadounidense de Funcionarios de Control de Pesticidas (AAPCO)<\/li>\n<\/ul>\n                                        <label for=\"ch-69d0a56fdb30b\" class=\"common-link\">Muestra menos<\/label>\n                                    <\/div>\n                                    <label for=\"ch-69d0a56fdb30b\" class=\"common-link\">Mostrar m\u00e1s<\/label>\n                                                            <\/div>\n                        <\/div>\n                        <\/div>\n                    <\/div>\n                                                        <div class=\"team-member | bg-primary-color\">\n                        <div class=\"inner relative\">\n                        <div class=\"flex-container\">\n                            <div class=\"team-member--headshot\">\n                                <img loading=\"lazy\" decoding=\"async\" width=\"100\" height=\"100\" src=\"https:\/\/www.pesticideresources.org\/wp-content\/uploads\/2023\/06\/kaci-buhl.jpg\" class=\"attachment-thumbnail size-thumbnail wp-post-image\" alt=\"\" \/>                            <\/div>\n                            <div class=\"team-member--content  scrollable\">\n                                <h2 class=\"fs-team-member-name\">Kaci B\u00fchl<\/h2>\n                                                                <div class=\"team-member--title\"><span class=\"h5\">Copresidente<\/span><\/div>\n                                                                    <div class=\"organization\"><span class=\"fs-little-body\">La Universidad Estatal de Oregon\t<\/span><\/div>\n                                                                                                    <div><a href=\"mailto:kaci.buhl@oregonstate.edu\" class=\"common-link\">Enviar correo electr\u00f3nico<\/a><\/div>\n                                                                                                    <input id=\"ch-69d0a56fdbb53\" type=\"checkbox\" class=\"checkbox\">\n                                    <div class=\"fs-little-body biography\">\n                                        <ul>\n<li>Coordinador del Programa de Educaci\u00f3n sobre Seguridad de Pesticidas (PSEP) en Oregon<\/li>\n<li>Profesor Asociado de Pr\u00e1ctica en el Departamento de Toxicolog\u00eda Ambiental y Molecular<\/li>\n<li>10 a\u00f1os como Coordinador de Proyectos del Centro Nacional de Informaci\u00f3n sobre Pesticidas (NPIC) de la Universidad Estatal de Oreg\u00f3n<\/li>\n<li>Trabaj\u00f3 en la aplicaci\u00f3n de pesticidas y coordinaci\u00f3n de incidentes en el Departamento de Agricultura de Oreg\u00f3n (ODA)<\/li>\n<\/ul>\n                                        <label for=\"ch-69d0a56fdbb53\" class=\"common-link\">Muestra menos<\/label>\n                                    <\/div>\n                                    <label for=\"ch-69d0a56fdbb53\" class=\"common-link\">Mostrar m\u00e1s<\/label>\n                                                            <\/div>\n                        <\/div>\n                        <\/div>\n                    <\/div>\n                                                        <div class=\"team-member | bg-primary-color\">\n                        <div class=\"inner relative\">\n                        <div class=\"flex-container\">\n                            <div class=\"team-member--headshot\">\n                                <img loading=\"lazy\" decoding=\"async\" width=\"150\" height=\"150\" src=\"https:\/\/www.pesticideresources.org\/wp-content\/uploads\/2024\/02\/Christian-Gella-150x150.png\" class=\"attachment-thumbnail size-thumbnail wp-post-image\" alt=\"\" \/>                            <\/div>\n                            <div class=\"team-member--content  scrollable\">\n                                <h2 class=\"fs-team-member-name\">cristian gella<\/h2>\n                                                                <div class=\"team-member--title\"><span class=\"h5\">Coordinador de programa<\/span><\/div>\n                                                                    <div class=\"organization\"><span class=\"fs-little-body\">Educaci\u00f3n continua y profesional de UC Davis<\/span><\/div>\n                                                                                                    <div><a href=\"mailto:cggella@ucdavis.edu\" class=\"common-link\">Enviar correo electr\u00f3nico<\/a><\/div>\n                                                                                                    <input id=\"ch-69d0a56fdc2b3\" type=\"checkbox\" class=\"checkbox\">\n                                    <div class=\"fs-little-body biography\">\n                                        <ul type=\"disc\">\n<li class=\"m_5659338083491585967MsoListParagraphCxSpFirst\">Licenciatura en Literatura Inglesa de UC San Diego<u><\/u><u><\/u><\/li>\n<li class=\"m_5659338083491585967MsoListParagraphCxSpMiddle\">Maestr\u00eda en Estudios Asi\u00e1tico-Americanos de UCLA<u><\/u><u><\/u><\/li>\n<li class=\"m_5659338083491585967MsoListParagraphCxSpMiddle\">Experiencia en gesti\u00f3n de datos, operaciones y construcci\u00f3n de sistemas escalables.<u><\/u><u><\/u><\/li>\n<li class=\"m_5659338083491585967MsoListParagraphCxSpLast\">Cofund\u00f3 una escuela secundaria en Stockton, CA.<\/li>\n<\/ul>\n                                        <label for=\"ch-69d0a56fdc2b3\" class=\"common-link\">Muestra menos<\/label>\n                                    <\/div>\n                                    <label for=\"ch-69d0a56fdc2b3\" class=\"common-link\">Mostrar m\u00e1s<\/label>\n                                                            <\/div>\n                        <\/div>\n                        <\/div>\n                    <\/div>\n                                                        <div class=\"team-member | bg-primary-color\">\n                        <div class=\"inner relative\">\n                        <div class=\"flex-container\">\n                            <div class=\"team-member--headshot\">\n                                <img loading=\"lazy\" decoding=\"async\" width=\"100\" height=\"128\" src=\"https:\/\/www.pesticideresources.org\/wp-content\/uploads\/2023\/06\/emily-ripken.jpg\" class=\"attachment-thumbnail size-thumbnail wp-post-image\" alt=\"\" \/>                            <\/div>\n                            <div class=\"team-member--content  scrollable\">\n                                <h2 class=\"fs-team-member-name\">Emily Ripken<\/h2>\n                                                                <div class=\"team-member--title\"><span class=\"h5\">Coordinador de programas para organizaciones sin fines de lucro de la comunidad agr\u00edcola\t<\/span><\/div>\n                                                                    <div class=\"organization\"><span class=\"fs-little-body\">Educaci\u00f3n continua y profesional de UC Davis\t<\/span><\/div>\n                                                                                                    <div><a href=\"mailto:eripken@ucdavis.edu\" class=\"common-link\">Enviar correo electr\u00f3nico<\/a><\/div>\n                                                                                                    <input id=\"ch-69d0a56fdc955\" type=\"checkbox\" class=\"checkbox\">\n                                    <div class=\"fs-little-body biography\">\n                                        <ul>\n<li>Licenciatura de la Universidad Brandeis<\/li>\n<li>Maestr\u00eda en Salud P\u00fablica de UCLA<\/li>\n<li>7 a\u00f1os liderando un equipo de seguridad y educaci\u00f3n para trabajadores agr\u00edcolas de vi\u00f1edos.<\/li>\n<li>Especialista Certificado en Educaci\u00f3n para la Salud (CHES)<\/li>\n<li>Redactor de subvenciones con experiencia para temas agr\u00edcolas y medioambientales.<\/li>\n<li>Se desarrollaron videos de capacitaci\u00f3n sobre pesticidas y seguridad en ingl\u00e9s y urdu.<\/li>\n<li>Fluidez en espa\u00f1ol<\/li>\n<\/ul>\n                                        <label for=\"ch-69d0a56fdc955\" class=\"common-link\">Muestra menos<\/label>\n                                    <\/div>\n                                    <label for=\"ch-69d0a56fdc955\" class=\"common-link\">Mostrar m\u00e1s<\/label>\n                                                            <\/div>\n                        <\/div>\n                        <\/div>\n                    <\/div>\n                                                        <div class=\"team-member | bg-primary-color\">\n                        <div class=\"inner relative\">\n                        <div class=\"flex-container\">\n                            <div class=\"team-member--headshot\">\n                                <img loading=\"lazy\" decoding=\"async\" width=\"150\" height=\"150\" src=\"https:\/\/www.pesticideresources.org\/wp-content\/uploads\/2024\/06\/D_SEAL-scaled-e1717541929547-150x150.jpg\" class=\"attachment-thumbnail size-thumbnail wp-post-image\" alt=\"\" \/>                            <\/div>\n                            <div class=\"team-member--content  scrollable\">\n                                <h2 class=\"fs-team-member-name\">Sello de Dwight<\/h2>\n                                                                <div class=\"team-member--title\"><span class=\"h5\">Coordinador Nacional de Proyectos<\/span><\/div>\n                                                                    <div class=\"organization\"><span class=\"fs-little-body\">Educaci\u00f3n continua y profesional de UC Davis<\/span><\/div>\n                                                                                                    <div><a href=\"mailto:percsupport@ucdavis.edu\" class=\"common-link\">Enviar correo electr\u00f3nico<\/a><\/div>\n                                                                                                    <input id=\"ch-69d0a56fdcff5\" type=\"checkbox\" class=\"checkbox\">\n                                    <div class=\"fs-little-body biography\">\n                                        <ul>\n<li style=\"font-weight: 400;\" aria-level=\"1\"><span style=\"font-weight: 400;\">Licenciatura y Maestr\u00eda en Biolog\u00eda de la Appalachian State University<\/span><\/li>\n<li style=\"font-weight: 400;\" aria-level=\"1\"><span style=\"font-weight: 400;\">M\u00e1s de 36 a\u00f1os de experiencia en regulaci\u00f3n de pesticidas.<\/span><\/li>\n<li style=\"font-weight: 400;\" aria-level=\"1\"><span style=\"font-weight: 400;\">Experiencia como Gerente del Distrito Oeste en el Departamento de Agricultura y Servicios al Consumidor de Carolina del Norte<\/span><\/li>\n<li style=\"font-weight: 400;\" aria-level=\"1\"><span style=\"font-weight: 400;\">Experiencia en regulaciones de plagas estructurales y pesticidas agr\u00edcolas.<\/span><\/li>\n<li style=\"font-weight: 400;\" aria-level=\"1\"><span style=\"font-weight: 400;\">Particip\u00f3 en los comit\u00e9s SFIREG POM y AAPCO<\/span><\/li>\n<\/ul>\n                                        <label for=\"ch-69d0a56fdcff5\" class=\"common-link\">Muestra menos<\/label>\n                                    <\/div>\n                                    <label for=\"ch-69d0a56fdcff5\" class=\"common-link\">Mostrar m\u00e1s<\/label>\n                                                            <\/div>\n                        <\/div>\n                        <\/div>\n                    <\/div>\n                                                        <div class=\"team-member | bg-primary-color\">\n                        <div class=\"inner relative\">\n                        <div class=\"flex-container\">\n                            <div class=\"team-member--headshot\">\n                                <img loading=\"lazy\" decoding=\"async\" width=\"150\" height=\"150\" src=\"https:\/\/www.pesticideresources.org\/wp-content\/uploads\/2023\/06\/02-150x150.jpg\" class=\"attachment-thumbnail size-thumbnail wp-post-image\" alt=\"\" \/>                            <\/div>\n                            <div class=\"team-member--content  scrollable\">\n                                <h2 class=\"fs-team-member-name\">Ann Marie O&#039;Shea<\/h2>\n                                                                <div class=\"team-member--title\"><span class=\"h5\">Especialista en marketing PERC<\/span><\/div>\n                                                                    <div class=\"organization\"><span class=\"fs-little-body\">AMOS y Asesores, LLC\t<\/span><\/div>\n                                                                                                    <div><a href=\"mailto:amos@amosANDadvisors.com\" class=\"common-link\">Enviar correo electr\u00f3nico<\/a><\/div>\n                                                                                                    <input id=\"ch-69d0a56fdd768\" type=\"checkbox\" class=\"checkbox\">\n                                    <div class=\"fs-little-body biography\">\n                                        <ul>\n<li>Doctorado en Desarrollo Organizacional y Gesti\u00f3n del Cambio; Maestr\u00eda en Administraci\u00f3n de Empresas (MBA), Negocios, Universidad de Drexel; Licenciatura en Comunicaciones y Psicolog\u00eda, Universidad La Salle<\/li>\n<li>Presidente y director ejecutivo, Amos and Advisors, LLC<\/li>\n<li>Ejecutivo experimentado y emprendedor con un historial demostrado de habilidades y \u00e9xitos estrat\u00e9gicos, financieros, de marketing y operativos.<\/li>\n<\/ul>\n                                        <label for=\"ch-69d0a56fdd768\" class=\"common-link\">Muestra menos<\/label>\n                                    <\/div>\n                                    <label for=\"ch-69d0a56fdd768\" class=\"common-link\">Mostrar m\u00e1s<\/label>\n                                                            <\/div>\n                        <\/div>\n                        <\/div>\n                    <\/div>\n                            <\/div>\n        <\/div>\n    <\/div>\n<\/div>","protected":false},"excerpt":{"rendered":"","protected":false},"author":1,"featured_media":0,"parent":248,"menu_order":0,"comment_status":"closed","ping_status":"closed","template":"","meta":{"_acf_changed":false,"inline_featured_image":false,"footnotes":""},"class_list":["post-250","page","type-page","status-publish","hentry"],"acf":[],"yoast_head":"<!-- This site is optimized with the Yoast SEO plugin v27.3 - https:\/\/yoast.com\/product\/yoast-seo-wordpress\/ -->\n<title>Meet Our Team - Pesticide Educational Resources Collaborative<\/title>\n<meta name=\"robots\" content=\"index, follow, max-snippet:-1, max-image-preview:large, max-video-preview:-1\" \/>\n<link rel=\"canonical\" href=\"https:\/\/www.pesticideresources.org\/es\/about\/meet-our-team\/\" \/>\n<meta property=\"og:locale\" content=\"es_MX\" \/>\n<meta property=\"og:type\" content=\"article\" \/>\n<meta property=\"og:title\" content=\"Meet Our Team - Pesticide Educational Resources Collaborative\" \/>\n<meta property=\"og:url\" content=\"https:\/\/www.pesticideresources.org\/es\/about\/meet-our-team\/\" \/>\n<meta property=\"og:site_name\" content=\"Pesticide Educational Resources Collaborative\" \/>\n<meta property=\"article:publisher\" content=\"https:\/\/www.facebook.com\/PERCPesticide\/\" \/>\n<meta property=\"article:modified_time\" content=\"2026-03-24T16:12:49+00:00\" \/>\n<meta name=\"twitter:card\" content=\"summary_large_image\" \/>\n<meta name=\"twitter:site\" content=\"@percpesticide\" \/>\n<script type=\"application\/ld+json\" class=\"yoast-schema-graph\">{\"@context\":\"https:\\\/\\\/schema.org\",\"@graph\":[{\"@type\":\"WebPage\",\"@id\":\"https:\\\/\\\/www.pesticideresources.org\\\/about\\\/meet-our-team\\\/\",\"url\":\"https:\\\/\\\/www.pesticideresources.org\\\/about\\\/meet-our-team\\\/\",\"name\":\"Meet Our Team - Pesticide Educational Resources Collaborative\",\"isPartOf\":{\"@id\":\"https:\\\/\\\/www.pesticideresources.org\\\/#website\"},\"datePublished\":\"2023-05-05T15:54:52+00:00\",\"dateModified\":\"2026-03-24T16:12:49+00:00\",\"breadcrumb\":{\"@id\":\"https:\\\/\\\/www.pesticideresources.org\\\/about\\\/meet-our-team\\\/#breadcrumb\"},\"inLanguage\":\"es\",\"potentialAction\":[{\"@type\":\"ReadAction\",\"target\":[\"https:\\\/\\\/www.pesticideresources.org\\\/about\\\/meet-our-team\\\/\"]}]},{\"@type\":\"BreadcrumbList\",\"@id\":\"https:\\\/\\\/www.pesticideresources.org\\\/about\\\/meet-our-team\\\/#breadcrumb\",\"itemListElement\":[{\"@type\":\"ListItem\",\"position\":1,\"name\":\"Home\",\"item\":\"https:\\\/\\\/www.pesticideresources.org\\\/\"},{\"@type\":\"ListItem\",\"position\":2,\"name\":\"About\",\"item\":\"https:\\\/\\\/www.pesticideresources.org\\\/about\\\/\"},{\"@type\":\"ListItem\",\"position\":3,\"name\":\"Meet Our Team\"}]},{\"@type\":\"WebSite\",\"@id\":\"https:\\\/\\\/www.pesticideresources.org\\\/#website\",\"url\":\"https:\\\/\\\/www.pesticideresources.org\\\/\",\"name\":\"Pesticide Educational Resources Collaborative\",\"description\":\"\",\"potentialAction\":[{\"@type\":\"SearchAction\",\"target\":{\"@type\":\"EntryPoint\",\"urlTemplate\":\"https:\\\/\\\/www.pesticideresources.org\\\/?s={search_term_string}\"},\"query-input\":{\"@type\":\"PropertyValueSpecification\",\"valueRequired\":true,\"valueName\":\"search_term_string\"}}],\"inLanguage\":\"es\"}]}<\/script>\n<!-- \/ Yoast SEO plugin. -->","yoast_head_json":{"title":"Conozca a nuestro equipo - Colaboraci\u00f3n de recursos educativos sobre pesticidas","robots":{"index":"index","follow":"follow","max-snippet":"max-snippet:-1","max-image-preview":"max-image-preview:large","max-video-preview":"max-video-preview:-1"},"canonical":"https:\/\/www.pesticideresources.org\/es\/about\/meet-our-team\/","og_locale":"es_MX","og_type":"article","og_title":"Meet Our Team - Pesticide Educational Resources Collaborative","og_url":"https:\/\/www.pesticideresources.org\/es\/about\/meet-our-team\/","og_site_name":"Pesticide Educational Resources Collaborative","article_publisher":"https:\/\/www.facebook.com\/PERCPesticide\/","article_modified_time":"2026-03-24T16:12:49+00:00","twitter_card":"summary_large_image","twitter_site":"@percpesticide","schema":{"@context":"https:\/\/schema.org","@graph":[{"@type":"WebPage","@id":"https:\/\/www.pesticideresources.org\/about\/meet-our-team\/","url":"https:\/\/www.pesticideresources.org\/about\/meet-our-team\/","name":"Conozca a nuestro equipo - Colaboraci\u00f3n de recursos educativos sobre pesticidas","isPartOf":{"@id":"https:\/\/www.pesticideresources.org\/#website"},"datePublished":"2023-05-05T15:54:52+00:00","dateModified":"2026-03-24T16:12:49+00:00","breadcrumb":{"@id":"https:\/\/www.pesticideresources.org\/about\/meet-our-team\/#breadcrumb"},"inLanguage":"es","potentialAction":[{"@type":"ReadAction","target":["https:\/\/www.pesticideresources.org\/about\/meet-our-team\/"]}]},{"@type":"BreadcrumbList","@id":"https:\/\/www.pesticideresources.org\/about\/meet-our-team\/#breadcrumb","itemListElement":[{"@type":"ListItem","position":1,"name":"Home","item":"https:\/\/www.pesticideresources.org\/"},{"@type":"ListItem","position":2,"name":"About","item":"https:\/\/www.pesticideresources.org\/about\/"},{"@type":"ListItem","position":3,"name":"Meet Our Team"}]},{"@type":"WebSite","@id":"https:\/\/www.pesticideresources.org\/#website","url":"https:\/\/www.pesticideresources.org\/","name":"Colaboraci\u00f3n de recursos educativos sobre pesticidas","description":"","potentialAction":[{"@type":"SearchAction","target":{"@type":"EntryPoint","urlTemplate":"https:\/\/www.pesticideresources.org\/?s={search_term_string}"},"query-input":{"@type":"PropertyValueSpecification","valueRequired":true,"valueName":"search_term_string"}}],"inLanguage":"es"}]}},"_links":{"self":[{"href":"https:\/\/www.pesticideresources.org\/es\/wp-json\/wp\/v2\/pages\/250","targetHints":{"allow":["GET"]}}],"collection":[{"href":"https:\/\/www.pesticideresources.org\/es\/wp-json\/wp\/v2\/pages"}],"about":[{"href":"https:\/\/www.pesticideresources.org\/es\/wp-json\/wp\/v2\/types\/page"}],"author":[{"embeddable":true,"href":"https:\/\/www.pesticideresources.org\/es\/wp-json\/wp\/v2\/users\/1"}],"replies":[{"embeddable":true,"href":"https:\/\/www.pesticideresources.org\/es\/wp-json\/wp\/v2\/comments?post=250"}],"version-history":[{"count":32,"href":"https:\/\/www.pesticideresources.org\/es\/wp-json\/wp\/v2\/pages\/250\/revisions"}],"predecessor-version":[{"id":5384,"href":"https:\/\/www.pesticideresources.org\/es\/wp-json\/wp\/v2\/pages\/250\/revisions\/5384"}],"up":[{"embeddable":true,"href":"https:\/\/www.pesticideresources.org\/es\/wp-json\/wp\/v2\/pages\/248"}],"wp:attachment":[{"href":"https:\/\/www.pesticideresources.org\/es\/wp-json\/wp\/v2\/media?parent=250"}],"curies":[{"name":"wp","href":"https:\/\/api.w.org\/{rel}","templated":true}]}}