{"id":248,"date":"2023-05-05T11:54:09","date_gmt":"2023-05-05T15:54:09","guid":{"rendered":"http:\/\/pesticideresources.test\/?page_id=248"},"modified":"2023-08-28T14:34:27","modified_gmt":"2023-08-28T18:34:27","slug":"about","status":"publish","type":"page","link":"https:\/\/www.pesticideresources.org\/es\/about\/","title":{"rendered":"Acerca de"},"content":{"rendered":"<section class=\"block block-banner\">\n    <div class=\"block-banner--wrapper |  flex-container\">\n        <div class=\"blk9\/12-xl blk9\/12-lg blk8\/12-md blk8\/12-sm blk12\/12-xs bleed-margin flex-container flex-justify-center flex-align-items-center\">\n            <div class=\"blk7\/9-xl blk7\/9-lg blk7\/9-md blk7\/9-sm blk9\/9-xs bleed-margin\">\n                <div class=\"container\">\n                                        <div class=\"block-banner--content |  mx-auto\">\n                                                    <h1>Acerca de<\/h1>\n                                                                            <div class=\"text\">\n                                <p>Creamos recursos educativos relacionados con pesticidas para atender las necesidades nacionales. Desde la protecci\u00f3n de los trabajadores hasta los ex\u00e1menes de los aplicadores, nuestros productos son utilizados por entrenadores, reguladores y granjas de todo el pa\u00eds.<\/p>\n                            <\/div>\n                                                                    <\/div>\n                <\/div>\n            <\/div>\n        <\/div>\n                    <div class=\"blk3\/12-xl blk3\/12-lg blk4\/12-md blk4\/12-sm blk12\/12-xs bleed-margin\">\n                <img loading=\"lazy\" decoding=\"async\" width=\"1920\" height=\"1226\" src=\"https:\/\/www.pesticideresources.org\/wp-content\/uploads\/2023\/08\/Tractor-spraying-pesticides-on-vegetable-field-with-sprayer-at-spring.jpg\" class=\"attachment-full size-full\" alt=\"Image in About PERC section\" \/>                    \n            <\/div>\n            <\/div>\n<\/section>\n\n\n\n<section class=\"cards-module block big-card full-width background-color-default margin-regular image-position-top image-height-full | flex-container\">\n\t\t\t\t<div class=\"blk5\/12-xl blk5\/12-lg blk5\/12-md blk5\/12-sm blk12\/12-xs bleed-margin\">\n\t\t\t\t<div class=\"card-module-image-wrapper\">\n\t\t\t\t\t<img decoding=\"async\" src=\"https:\/\/www.pesticideresources.org\/wp-content\/uploads\/2023\/08\/Farmer-spraying-vegetable-green-plants-in-the-garden-with-herbicides-pesticides-or-insecticides.jpg\">\n\t\t\t\t<\/div>\n\t\t\t<\/div>\n\t\t\t<div class=\"blk7\/12-xl blk7\/12-lg blk7\/12-md blk7\/12-sm blk12\/12-xs bleed-margin\">\n\t\t\t<div id=\"card-module-content-wrapper\" class=\"card-module-content-wrapper container\">\n\t\t\t\t\t\t\t\t\t<h2>\u00bfQu\u00e9 es PERC?<\/h2>\t\t\t\t\t\t\t\t<div class=\"card-content\">\n                    <div class=\"card-content--text\">\n\t\t\t\t\t<p>PERC es la Colaboraci\u00f3n de Recursos Educativos sobre Pesticidas, un acuerdo cooperativo de 5 a\u00f1os entre la Oficina de Programas de Pesticidas de la EPA y la Divisi\u00f3n de Educaci\u00f3n Continua y Profesional de la Universidad de California Davis, en colaboraci\u00f3n con la Universidad Estatal de Oreg\u00f3n.<\/p>\n\t\t\t\t\t<\/div>\n\t\t\t\t\t<div class=\"content-links flex-container\"><a href=\"https:\/\/www.pesticideresources.org\/es\/about\/what-is-perc\/\" target=\"\" class=\"plain-text\">Aprende m\u00e1s<\/a><\/div>\t\t\t\t<\/div>\n\t\t\t<\/div>\n\t\t\t<div class=\"view-more-less container\">\n\t\t\t\t<p class=\"view-more\">Ver m\u00e1s<\/p>\n\t\t\t\t<p class=\"view-less\">Ver menos<\/p>\n\t\t\t<\/div>\n\t\t<\/div>\n<\/section>\n\n\n\n<section class=\"cards-module block regular-card background-color-white margin-tucked image-position-top image-height-full | flex-container\">\n\t\t\t\t<div class=\"blk3\/12-xl blk3\/12-lg blk3\/12-md blk4\/12-sm bleed-margin\">\n\t\t\t\t<div class=\"card-module-image-wrapper\">\n\t\t\t\t\t<img decoding=\"async\" src=\"https:\/\/www.pesticideresources.org\/wp-content\/uploads\/2023\/08\/The-PERC-Team.jpg\">\n\t\t\t\t<\/div>\n\t\t\t<\/div>\n\t\t\t<div class=\"blk7\/12-xl blk7\/12-lg blk7\/12-md blk6\/12-sm bleed-margin\">\n\t\t\t<div id=\"card-module-content-wrapper\" class=\"card-module-content-wrapper container\">\n\t\t\t\t\t\t\t\t\t<h2>Conozca a nuestro equipo<\/h2>\t\t\t\t\t\t\t\t<div class=\"card-content\">\n                    <div class=\"card-content--text\">\n\t\t\t\t\t<p>PERC se administra en la Divisi\u00f3n de Educaci\u00f3n Continua y Profesional de la Universidad de California Davis en colaboraci\u00f3n con la Universidad Estatal de Oreg\u00f3n.<\/p>\n\t\t\t\t\t<\/div>\n\t\t\t\t\t<div class=\"content-links flex-container\"><a href=\"https:\/\/www.pesticideresources.org\/es\/about\/meet-our-team\/\" target=\"\" class=\"button common-button\">Conozca a nuestro equipo<\/a><\/div>\t\t\t\t<\/div>\n\t\t\t<\/div>\n\t\t\t<div class=\"view-more-less container\">\n\t\t\t\t<p class=\"view-more\">Ver m\u00e1s<\/p>\n\t\t\t\t<p class=\"view-less\">Ver menos<\/p>\n\t\t\t<\/div>\n\t\t<\/div>\n<\/section>\n\n\n\n<section class=\"cards-module block regular-card background-color-white margin-tucked image-position-top image-height-full | flex-container\">\n\t\t\t\t<div class=\"blk3\/12-xl blk3\/12-lg blk3\/12-md blk4\/12-sm bleed-margin\">\n\t\t\t\t<div class=\"card-module-image-wrapper\">\n\t\t\t\t\t<img decoding=\"async\" src=\"https:\/\/www.pesticideresources.org\/wp-content\/uploads\/2023\/08\/ABCOLLAGE1820.png\">\n\t\t\t\t<\/div>\n\t\t\t<\/div>\n\t\t\t<div class=\"blk7\/12-xl blk7\/12-lg blk7\/12-md blk6\/12-sm bleed-margin\">\n\t\t\t<div id=\"card-module-content-wrapper\" class=\"card-module-content-wrapper container\">\n\t\t\t\t\t\t\t\t\t<h2>Conozca a nuestro consejo asesor<\/h2>\t\t\t\t\t\t\t\t<div class=\"card-content\">\n                    <div class=\"card-content--text\">\n\t\t\t\t\t<p>El Consejo Asesor de PERC incluye educadores expertos, autoridades de certificaci\u00f3n y defensores de los trabajadores agr\u00edcolas de todo Estados Unidos. Dirigen las actividades de PERC para lograr sus objetivos, identificar audiencias desatendidas y llenar vac\u00edos de recursos. Su funci\u00f3n de asesoramiento es esencial para garantizar que los recursos de PERC se utilicen donde y cuando m\u00e1s se necesitan para prevenir los impactos de los pesticidas en la salud humana y el medio ambiente.<\/p>\n\t\t\t\t\t<\/div>\n\t\t\t\t\t<div class=\"content-links flex-container\"><a href=\"https:\/\/www.pesticideresources.org\/es\/about\/advisory-board\/\" target=\"\" class=\"button common-button\"><a href=\"https:\/\/www.pesticideresources.org\/es\/wps\/for-handlers\/what-are-my-responsibilities-as-a-pesticide-handler\/\">Ver pagina<\/a><\/a><\/div>\t\t\t\t<\/div>\n\t\t\t<\/div>\n\t\t\t<div class=\"view-more-less container\">\n\t\t\t\t<p class=\"view-more\">Ver m\u00e1s<\/p>\n\t\t\t\t<p class=\"view-less\">Ver menos<\/p>\n\t\t\t<\/div>\n\t\t<\/div>\n<\/section>\n\n\n\n<section class=\"cards-module block regular-card background-color-white margin-tucked image-position-top image-height-full | flex-container\">\n\t\t\t\t<div class=\"blk3\/12-xl blk3\/12-lg blk3\/12-md blk4\/12-sm bleed-margin\">\n\t\t\t\t<div class=\"card-module-image-wrapper\">\n\t\t\t\t\t<img decoding=\"async\" src=\"https:\/\/www.pesticideresources.org\/wp-content\/uploads\/2023\/05\/perc-proj-big-card-img.png\">\n\t\t\t\t<\/div>\n\t\t\t<\/div>\n\t\t\t<div class=\"blk7\/12-xl blk7\/12-lg blk7\/12-md blk6\/12-sm bleed-margin\">\n\t\t\t<div id=\"card-module-content-wrapper\" class=\"card-module-content-wrapper container\">\n\t\t\t\t\t\t\t\t\t<h2>Proyectos PERC<\/h2>\t\t\t\t\t\t\t\t<div class=\"card-content\">\n                    <div class=\"card-content--text\">\n\t\t\t\t\t<p>Desarrollamos, revisamos y actualizamos recursos de seguridad de pesticidas para avanzar en la protecci\u00f3n de los seres humanos, las comunidades y los ecosistemas contra el riesgo de intoxicaciones, enfermedades y lesiones por pesticidas.<\/p>\n\t\t\t\t\t<\/div>\n\t\t\t\t\t<div class=\"content-links flex-container\"><a href=\"https:\/\/www.pesticideresources.org\/es\/perc-projects\/\" target=\"\" class=\"button common-button\"><a href=\"https:\/\/www.pesticideresources.org\/es\/wps\/for-handlers\/what-are-my-responsibilities-as-a-pesticide-handler\/\">Ver pagina<\/a><\/a><\/div>\t\t\t\t<\/div>\n\t\t\t<\/div>\n\t\t\t<div class=\"view-more-less container\">\n\t\t\t\t<p class=\"view-more\">Ver m\u00e1s<\/p>\n\t\t\t\t<p class=\"view-less\">Ver menos<\/p>\n\t\t\t<\/div>\n\t\t<\/div>\n<\/section>\n\n\n\n<h2 class=\"wp-block-heading\">M\u00e1s informaci\u00f3n<\/h2>\n\n\n\n\n<section class=\"block block-mini-card\" data-count=\"2\">\n    <div class=\"container\">\n        <div class=\"blk10\/12-xl blk10\/12-lg blk10\/12-md blk10\/12-sm bleed-margin mx-auto relative\">\n                            <div class=\"flex-container wrapper\">\n                                                        <div class=\"mini-card swiper-slide\">\n                                                        <div class=\"inner\">\n                                <div class=\"mini-card--content\">\n                                    <h4 class=\"heading\">Pol\u00edticas Operativas<\/h4>\n                                    <div class=\"text\"><p>Conozca los objetivos y pol\u00edticas del PERC.<\/p>\n<\/div>\n\n                                                                                                                    <div class=\"row-link\">\n                                            <a href=\"https:\/\/www.pesticideresources.org\/wp-content\/uploads\/2023\/07\/AdoptedPERCPolicies.pdf\" class=\"common-button\" target=\"_self\">Nuestras pol\u00edticas operativas<\/a>\n                                        <\/div>\n                                                                    <\/div>\n                            <\/div>\n                        <\/div>\n                                            <div class=\"mini-card swiper-slide\">\n                                                        <div class=\"inner\">\n                                <div class=\"mini-card--content\">\n                                    <h4 class=\"heading\">Uso de las obras de PERC<\/h4>\n                                    <div class=\"text\"><p>Informaci\u00f3n sobre el uso de los recursos creados por PERC.<\/p>\n<\/div>\n\n                                                                                                                    <div class=\"row-link\">\n                                            <a href=\"https:\/\/www.pesticideresources.org\/es\/about\/using-percs-works\/\" class=\"common-button\" target=\"_self\">Aprende m\u00e1s<\/a>\n                                        <\/div>\n                                                                    <\/div>\n                            <\/div>\n                        <\/div>\n                                                <\/div>\n                    <\/div>\n    <\/div>\n<\/section>\n\n\n\n<p><\/p>","protected":false},"excerpt":{"rendered":"<p>M\u00e1s informaci\u00f3n<\/p>","protected":false},"author":1,"featured_media":0,"parent":0,"menu_order":0,"comment_status":"closed","ping_status":"closed","template":"","meta":{"_acf_changed":false,"inline_featured_image":false,"footnotes":""},"class_list":["post-248","page","type-page","status-publish","hentry"],"acf":[],"yoast_head":"<!-- This site is optimized with the Yoast SEO plugin v27.3 - https:\/\/yoast.com\/product\/yoast-seo-wordpress\/ -->\n<title>About - Pesticide Educational Resources Collaborative<\/title>\n<meta name=\"robots\" content=\"index, follow, max-snippet:-1, max-image-preview:large, max-video-preview:-1\" \/>\n<link rel=\"canonical\" href=\"https:\/\/www.pesticideresources.org\/es\/about\/\" \/>\n<meta property=\"og:locale\" content=\"es_MX\" \/>\n<meta property=\"og:type\" content=\"article\" \/>\n<meta property=\"og:title\" content=\"About - Pesticide Educational Resources Collaborative\" \/>\n<meta property=\"og:description\" content=\"More Information\" \/>\n<meta property=\"og:url\" content=\"https:\/\/www.pesticideresources.org\/es\/about\/\" \/>\n<meta property=\"og:site_name\" content=\"Pesticide Educational Resources Collaborative\" \/>\n<meta property=\"article:publisher\" content=\"https:\/\/www.facebook.com\/PERCPesticide\/\" \/>\n<meta property=\"article:modified_time\" content=\"2023-08-28T18:34:27+00:00\" \/>\n<meta name=\"twitter:card\" content=\"summary_large_image\" \/>\n<meta name=\"twitter:site\" content=\"@percpesticide\" \/>\n<script type=\"application\/ld+json\" class=\"yoast-schema-graph\">{\"@context\":\"https:\\\/\\\/schema.org\",\"@graph\":[{\"@type\":\"WebPage\",\"@id\":\"https:\\\/\\\/www.pesticideresources.org\\\/about\\\/\",\"url\":\"https:\\\/\\\/www.pesticideresources.org\\\/about\\\/\",\"name\":\"About - Pesticide Educational Resources Collaborative\",\"isPartOf\":{\"@id\":\"https:\\\/\\\/www.pesticideresources.org\\\/#website\"},\"datePublished\":\"2023-05-05T15:54:09+00:00\",\"dateModified\":\"2023-08-28T18:34:27+00:00\",\"breadcrumb\":{\"@id\":\"https:\\\/\\\/www.pesticideresources.org\\\/about\\\/#breadcrumb\"},\"inLanguage\":\"es\",\"potentialAction\":[{\"@type\":\"ReadAction\",\"target\":[\"https:\\\/\\\/www.pesticideresources.org\\\/about\\\/\"]}]},{\"@type\":\"BreadcrumbList\",\"@id\":\"https:\\\/\\\/www.pesticideresources.org\\\/about\\\/#breadcrumb\",\"itemListElement\":[{\"@type\":\"ListItem\",\"position\":1,\"name\":\"Home\",\"item\":\"https:\\\/\\\/www.pesticideresources.org\\\/\"},{\"@type\":\"ListItem\",\"position\":2,\"name\":\"About\"}]},{\"@type\":\"WebSite\",\"@id\":\"https:\\\/\\\/www.pesticideresources.org\\\/#website\",\"url\":\"https:\\\/\\\/www.pesticideresources.org\\\/\",\"name\":\"Pesticide Educational Resources Collaborative\",\"description\":\"\",\"potentialAction\":[{\"@type\":\"SearchAction\",\"target\":{\"@type\":\"EntryPoint\",\"urlTemplate\":\"https:\\\/\\\/www.pesticideresources.org\\\/?s={search_term_string}\"},\"query-input\":{\"@type\":\"PropertyValueSpecification\",\"valueRequired\":true,\"valueName\":\"search_term_string\"}}],\"inLanguage\":\"es\"}]}<\/script>\n<!-- \/ Yoast SEO plugin. -->","yoast_head_json":{"title":"Acerca de - Colaboraci\u00f3n de recursos educativos sobre pesticidas","robots":{"index":"index","follow":"follow","max-snippet":"max-snippet:-1","max-image-preview":"max-image-preview:large","max-video-preview":"max-video-preview:-1"},"canonical":"https:\/\/www.pesticideresources.org\/es\/about\/","og_locale":"es_MX","og_type":"article","og_title":"About - Pesticide Educational Resources Collaborative","og_description":"More Information","og_url":"https:\/\/www.pesticideresources.org\/es\/about\/","og_site_name":"Pesticide Educational Resources Collaborative","article_publisher":"https:\/\/www.facebook.com\/PERCPesticide\/","article_modified_time":"2023-08-28T18:34:27+00:00","twitter_card":"summary_large_image","twitter_site":"@percpesticide","schema":{"@context":"https:\/\/schema.org","@graph":[{"@type":"WebPage","@id":"https:\/\/www.pesticideresources.org\/about\/","url":"https:\/\/www.pesticideresources.org\/about\/","name":"Acerca de - Colaboraci\u00f3n de recursos educativos sobre pesticidas","isPartOf":{"@id":"https:\/\/www.pesticideresources.org\/#website"},"datePublished":"2023-05-05T15:54:09+00:00","dateModified":"2023-08-28T18:34:27+00:00","breadcrumb":{"@id":"https:\/\/www.pesticideresources.org\/about\/#breadcrumb"},"inLanguage":"es","potentialAction":[{"@type":"ReadAction","target":["https:\/\/www.pesticideresources.org\/about\/"]}]},{"@type":"BreadcrumbList","@id":"https:\/\/www.pesticideresources.org\/about\/#breadcrumb","itemListElement":[{"@type":"ListItem","position":1,"name":"Home","item":"https:\/\/www.pesticideresources.org\/"},{"@type":"ListItem","position":2,"name":"About"}]},{"@type":"WebSite","@id":"https:\/\/www.pesticideresources.org\/#website","url":"https:\/\/www.pesticideresources.org\/","name":"Colaboraci\u00f3n de recursos educativos sobre pesticidas","description":"","potentialAction":[{"@type":"SearchAction","target":{"@type":"EntryPoint","urlTemplate":"https:\/\/www.pesticideresources.org\/?s={search_term_string}"},"query-input":{"@type":"PropertyValueSpecification","valueRequired":true,"valueName":"search_term_string"}}],"inLanguage":"es"}]}},"_links":{"self":[{"href":"https:\/\/www.pesticideresources.org\/es\/wp-json\/wp\/v2\/pages\/248","targetHints":{"allow":["GET"]}}],"collection":[{"href":"https:\/\/www.pesticideresources.org\/es\/wp-json\/wp\/v2\/pages"}],"about":[{"href":"https:\/\/www.pesticideresources.org\/es\/wp-json\/wp\/v2\/types\/page"}],"author":[{"embeddable":true,"href":"https:\/\/www.pesticideresources.org\/es\/wp-json\/wp\/v2\/users\/1"}],"replies":[{"embeddable":true,"href":"https:\/\/www.pesticideresources.org\/es\/wp-json\/wp\/v2\/comments?post=248"}],"version-history":[{"count":29,"href":"https:\/\/www.pesticideresources.org\/es\/wp-json\/wp\/v2\/pages\/248\/revisions"}],"predecessor-version":[{"id":4315,"href":"https:\/\/www.pesticideresources.org\/es\/wp-json\/wp\/v2\/pages\/248\/revisions\/4315"}],"wp:attachment":[{"href":"https:\/\/www.pesticideresources.org\/es\/wp-json\/wp\/v2\/media?parent=248"}],"curies":[{"name":"wp","href":"https:\/\/api.w.org\/{rel}","templated":true}]}}