{"id":2109,"date":"2023-07-14T16:37:51","date_gmt":"2023-07-14T20:37:51","guid":{"rendered":"https:\/\/www.pesticideresources.org\/?page_id=2109"},"modified":"2025-05-22T14:18:04","modified_gmt":"2025-05-22T18:18:04","slug":"ley-nacional-de-proteccion-al-trabajadormanual-para-capacitadores-de-trabajadores-agricolas-y-manipuladores-de-pesticidas","status":"publish","type":"page","link":"https:\/\/www.pesticideresources.org\/es\/wps\/materials-for-training-wps-trainers\/ley-nacional-de-proteccion-al-trabajadormanual-para-capacitadores-de-trabajadores-agricolas-y-manipuladores-de-pesticidas\/","title":{"rendered":"Ley Nacional de Protecci\u00f3n al Trabajador: Manual para Capacitadores de Trabajadores Agr\u00edcolas y Manipuladores de Pesticidas"},"content":{"rendered":"<section class=\"block block-banner  sans-image\">\n    <div class=\"block-banner--wrapper |  flex-container\">\n        <div class=\"blk9\/12-xl blk9\/12-lg blk8\/12-md blk8\/12-sm blk12\/12-xs bleed-margin flex-container flex-justify-center flex-align-items-center\">\n            <div class=\"blk7\/9-xl blk7\/9-lg blk7\/9-md blk7\/9-sm blk9\/9-xs bleed-margin\">\n                <div class=\"container\">\n                                        <div class=\"block-banner--content |  mx-auto\">\n                                                    <h1>Ley Nacional de Protecci\u00f3n al Trabajador: Manual para Capacitadores de Trabajadores Agr\u00edcolas y Manipuladores de Pesticidas<\/h1>\n                                                                                            <\/div>\n                <\/div>\n            <\/div>\n        <\/div>\n            <\/div>\n<\/section>\n\n\n\n<p>Seg\u00fan la revisi\u00f3n m\u00e1s reciente de la Ley Nacional de Protecci\u00f3n al Trabajador, a partir del 2 de enero de 2017, los trabajadores agr\u00edcolas y manipuladores de pesticidas deben recibir capacitaci\u00f3n antes de comenzar a trabajar y cada 12 meses. Dicha capacitaci\u00f3n incluye informaci\u00f3n acerca de los residuos de los pesticidas, los efectos para la salud de la posible exposici\u00f3n a pesticidas y c\u00f3mo evitar llevar los peligros de los pesticidas a casa.<\/p>\n\n\n\n<p>El presente es un manual o material de referencia para capacitadores de la ley WPS. Este puede utilizarse para generar familiaridad con la ley WPS y los temas de la capacitaci\u00f3n, buscar respuestas a preguntas dif\u00edciles y explorar m\u00e9todos de capacitaci\u00f3n eficaces en preparaci\u00f3n para impartir el curso.<\/p>\n\n\n\n<p>Para solicitar copias impresas del manual, se puede comprarlas <a href=\"https:\/\/percstore.org\/products\/national-worker-protection-standard-a-manual-for-trainers-spanish\">aqu\u00ed<\/a>. <\/p>\n\n\n\n<h3 class=\"wp-block-heading\"><a href=\"https:\/\/www.pesticideresources.org\/wp-content\/uploads\/2023\/04\/manual.es_.pdf\" data-type=\"URL\" data-id=\"https:\/\/www.pesticideresources.org\/wp-content\/uploads\/2023\/04\/manual.es_.pdf\">Ley Nacional de Protecci\u00f3n del Trabajador: Manual para Capacitadores<\/a><\/h3>\n\n\n\n<h4 class=\"wp-block-heading\">de Trabajadores Agr\u00edcolas y Manipuladores de Pesticidas (280 pp, 10MB)<\/h4>\n\n\n\n<p>Los siguientes documentos contienen los cap\u00edtulos individuales y el glosario del manual.<\/p>\n\n\n\n<h4 class=\"wp-block-heading\">tabla de contenido<\/h4>\n\n\n\n<ul class=\"wp-block-list\">\n<li><a href=\"https:\/\/www.pesticideresources.org\/wp-content\/uploads\/2023\/04\/intro.es_.pdf\" data-type=\"URL\" data-id=\"https:\/\/www.pesticideresources.org\/wp-content\/uploads\/2023\/04\/intro.es_.pdf\">Introducci\u00f3n<\/a>&nbsp;(10 p\u00e1gs, 508K)<\/li>\n\n\n\n<li><a href=\"https:\/\/www.pesticideresources.org\/wp-content\/uploads\/2023\/04\/chapter1.es_.pdf\" data-type=\"URL\" data-id=\"https:\/\/www.pesticideresources.org\/wp-content\/uploads\/2023\/04\/chapter1.es_.pdf\">Cap\u00edtulo 1: Resumen de las regulaciones de pesticidas<\/a>&nbsp;(10 p\u00e1gs, 624K)<\/li>\n\n\n\n<li><a href=\"https:\/\/www.pesticideresources.org\/wp-content\/uploads\/2023\/04\/chapter2.es_.pdf\" data-type=\"URL\" data-id=\"https:\/\/www.pesticideresources.org\/wp-content\/uploads\/2023\/04\/chapter2.es_.pdf\">Cap\u00edtulo 2: Las responsabilidades de los empleados con WPS<\/a>&nbsp;(20 p\u00e1gs, 555K)<\/li>\n\n\n\n<li><a href=\"https:\/\/www.pesticideresources.org\/wp-content\/uploads\/2023\/04\/chapter3.es_.pdf\" data-type=\"URL\" data-id=\"https:\/\/www.pesticideresources.org\/wp-content\/uploads\/2023\/04\/chapter3.es_.pdf\">Cap\u00edtulo 3: Los requisitos para la capacitaci\u00f3n del WPS<\/a>&nbsp;(6 p\u00e1gs., 283K)<\/li>\n\n\n\n<li><a href=\"https:\/\/www.pesticideresources.org\/wp-content\/uploads\/2023\/04\/chapter4.es_.pdf\" data-type=\"URL\" data-id=\"https:\/\/www.pesticideresources.org\/wp-content\/uploads\/2023\/04\/chapter4.es_.pdf\">Cap\u00edtulo 4: Temas de capacitaci\u00f3n de WPS<\/a>&nbsp;(8 p\u00e1gs., 155K)<\/li>\n\n\n\n<li><a href=\"https:\/\/www.pesticideresources.org\/wp-content\/uploads\/2023\/04\/chapter5.es_.pdf\" data-type=\"URL\" data-id=\"https:\/\/www.pesticideresources.org\/wp-content\/uploads\/2023\/04\/chapter5.es_.pdf\">Cap\u00edtulo 5: Temas de capacitaci\u00f3n para trabajadores y manipuladores<\/a>&nbsp;(28 p\u00e1gs., 1,7 MB)<\/li>\n\n\n\n<li><a href=\"https:\/\/www.pesticideresources.org\/wp-content\/uploads\/2023\/04\/chapter6.es_.pdf\" data-type=\"URL\" data-id=\"https:\/\/www.pesticideresources.org\/wp-content\/uploads\/2023\/04\/chapter6.es_.pdf\">Cap\u00edtulo 6: Temas adicionales de la WPS para los manipuladores<\/a>&nbsp;(62 p\u00e1gs., 2,6 MB)<\/li>\n\n\n\n<li><a href=\"https:\/\/www.pesticideresources.org\/wp-content\/uploads\/2023\/04\/chapter7.es_.pdf\" data-type=\"URL\" data-id=\"https:\/\/www.pesticideresources.org\/wp-content\/uploads\/2023\/04\/chapter7.es_.pdf\">Cap\u00edtulo 7: T\u00e9cnicas efectivas de la capacitaci\u00f3n<\/a>&nbsp;(20 p\u00e1gs., 728K)<\/li>\n\n\n\n<li><a href=\"https:\/\/www.pesticideresources.org\/wp-content\/uploads\/2023\/04\/chapter8.es_.pdf\" data-type=\"URL\" data-id=\"https:\/\/www.pesticideresources.org\/wp-content\/uploads\/2023\/04\/chapter8.es_.pdf\">Cap\u00edtulo 8: Ejemplos de actividades de capacitaci\u00f3n<\/a>&nbsp;(52 p\u00e1gs., 2,4 MB)<\/li>\n\n\n\n<li><a href=\"https:\/\/www.pesticideresources.org\/wp-content\/uploads\/2023\/04\/chapter9.es_.pdf\" data-type=\"URL\" data-id=\"https:\/\/www.pesticideresources.org\/wp-content\/uploads\/2023\/04\/chapter9.es_.pdf\">Cap\u00edtulo 9: Preparaci\u00f3n para capacitaci\u00f3n<\/a>&nbsp;(24 p\u00e1gs, 828K)<\/li>\n\n\n\n<li><a href=\"https:\/\/www.pesticideresources.org\/wp-content\/uploads\/2023\/04\/chapter10.es_.pdf\" data-type=\"URL\" data-id=\"https:\/\/www.pesticideresources.org\/wp-content\/uploads\/2023\/04\/chapter10.es_.pdf\">Cap\u00edtulo 10: Situaciones y sugerencias<\/a>&nbsp;(22 p\u00e1gs, 170K)<\/li>\n\n\n\n<li><a href=\"https:\/\/www.pesticideresources.org\/wp-content\/uploads\/2023\/04\/glossary.es_.pdf\" data-type=\"URL\" data-id=\"https:\/\/www.pesticideresources.org\/wp-content\/uploads\/2023\/04\/glossary.es_.pdf\">Glosario: Definiciones de terminolog\u00eda m\u00e1s com\u00fan<\/a>&nbsp;(18 p\u00e1gs., 205K)<\/li>\n<\/ul>\n\n\n\n<p>Este manual fue elaborado a trav\u00e9s de un acuerdo de cooperaci\u00f3n entre la Agencia de Protecci\u00f3n Ambiental (EPA, por sus siglas en ingl\u00e9s) de Estados Unidos y la Universidad de California, Extensi\u00f3n Davis, en cooperaci\u00f3n con la Universidad Estatal de Oreg\u00f3n (acuerdo de cooperaci\u00f3n n\u00fam.X8-83616301). El personal de la EPA revis\u00f3 e hizo su aportaci\u00f3n a cada cap\u00edtulo y secci\u00f3n de este manual. Sin embargo, este no es un programa de capacitaci\u00f3n independiente para capacitadores sobre la ley WPS. Este manual reemplaza el &quot;Manual del entrenador para la seguridad del trabajador&quot;.<\/p>\n\n\n\n<h3 class=\"wp-block-heading\">Ley Nacional de Protecci\u00f3n al Trabajador: Manual para Capacitadores (<a href=\"https:\/\/www.pesticideresources.org\/es\/wps\/materials-for-training-wps-trainers\/national-worker-protection-standard-a-manual-for-trainers\/\" data-type=\"URL\" data-id=\"https:\/\/www.pesticideresources.org\/wps\/materials-for-training-wps-trainers\/national-worker-protection-standard-a-manual-for-trainers\/\">ingles<\/a>)<\/h3>","protected":false},"excerpt":{"rendered":"<p>Seg\u00fan la m\u00e1s reciente revisi\u00f3n de la Ley Nacional de Protecci\u00f3n al Trabajador, a partir del 2 de enero de 2017, los trabajadores agr\u00edcolas y manipuladores de pesticidas deben recibir capacitaci\u00f3n antes de comenzar a trabajar y cada 12 meses. Dicha capacitaci\u00f3n incluye informaci\u00f3n acerca de los residuos de los pesticidas, los posibles efectos para [&hellip;]<\/p>\n","protected":false},"author":1,"featured_media":0,"parent":1714,"menu_order":0,"comment_status":"closed","ping_status":"closed","template":"","meta":{"_acf_changed":false,"inline_featured_image":false,"footnotes":""},"class_list":["post-2109","page","type-page","status-publish","hentry"],"acf":[],"yoast_head":"<!-- This site is optimized with the Yoast SEO plugin v27.3 - https:\/\/yoast.com\/product\/yoast-seo-wordpress\/ -->\n<title>Ley Nacional de Protecci\u00f3n al Trabajador:Manual para Capacitadores de Trabajadores Agr\u00edcolas y Manipuladores de Pesticidas - Pesticide Educational Resources Collaborative<\/title>\n<meta name=\"robots\" content=\"index, follow, max-snippet:-1, max-image-preview:large, max-video-preview:-1\" \/>\n<link rel=\"canonical\" href=\"https:\/\/www.pesticideresources.org\/es\/wps\/materials-for-training-wps-trainers\/ley-nacional-de-proteccion-al-trabajadormanual-para-capacitadores-de-trabajadores-agricolas-y-manipuladores-de-pesticidas\/\" \/>\n<meta property=\"og:locale\" content=\"es_MX\" \/>\n<meta property=\"og:type\" content=\"article\" \/>\n<meta property=\"og:title\" content=\"Ley Nacional de Protecci\u00f3n al Trabajador:Manual para Capacitadores de Trabajadores Agr\u00edcolas y Manipuladores de Pesticidas - Pesticide Educational Resources Collaborative\" \/>\n<meta property=\"og:description\" content=\"Seg\u00fan la m\u00e1s reciente revisi\u00f3n de la Ley Nacional de Protecci\u00f3n al Trabajador, a partir del 2 de enero de 2017, los trabajadores agr\u00edcolas y manipuladores de pesticidas deben recibir capacitaci\u00f3n antes de comenzar a trabajar y cada 12 meses. Dicha capacitaci\u00f3n incluye informaci\u00f3n acerca de los residuos de los pesticidas, los posibles efectos para [&hellip;]\" \/>\n<meta property=\"og:url\" content=\"https:\/\/www.pesticideresources.org\/es\/wps\/materials-for-training-wps-trainers\/ley-nacional-de-proteccion-al-trabajadormanual-para-capacitadores-de-trabajadores-agricolas-y-manipuladores-de-pesticidas\/\" \/>\n<meta property=\"og:site_name\" content=\"Pesticide Educational Resources Collaborative\" \/>\n<meta property=\"article:publisher\" content=\"https:\/\/www.facebook.com\/PERCPesticide\/\" \/>\n<meta property=\"article:modified_time\" content=\"2025-05-22T18:18:04+00:00\" \/>\n<meta name=\"twitter:card\" content=\"summary_large_image\" \/>\n<meta name=\"twitter:site\" content=\"@percpesticide\" \/>\n<meta name=\"twitter:label1\" content=\"Tiempo de lectura\" \/>\n\t<meta name=\"twitter:data1\" content=\"2 minutos\" \/>\n<script type=\"application\/ld+json\" class=\"yoast-schema-graph\">{\"@context\":\"https:\\\/\\\/schema.org\",\"@graph\":[{\"@type\":\"WebPage\",\"@id\":\"https:\\\/\\\/www.pesticideresources.org\\\/wps\\\/materials-for-training-wps-trainers\\\/ley-nacional-de-proteccion-al-trabajadormanual-para-capacitadores-de-trabajadores-agricolas-y-manipuladores-de-pesticidas\\\/\",\"url\":\"https:\\\/\\\/www.pesticideresources.org\\\/wps\\\/materials-for-training-wps-trainers\\\/ley-nacional-de-proteccion-al-trabajadormanual-para-capacitadores-de-trabajadores-agricolas-y-manipuladores-de-pesticidas\\\/\",\"name\":\"Ley Nacional de Protecci\u00f3n al Trabajador:Manual para Capacitadores de Trabajadores Agr\u00edcolas y Manipuladores de Pesticidas - Pesticide Educational Resources Collaborative\",\"isPartOf\":{\"@id\":\"https:\\\/\\\/www.pesticideresources.org\\\/#website\"},\"datePublished\":\"2023-07-14T20:37:51+00:00\",\"dateModified\":\"2025-05-22T18:18:04+00:00\",\"breadcrumb\":{\"@id\":\"https:\\\/\\\/www.pesticideresources.org\\\/wps\\\/materials-for-training-wps-trainers\\\/ley-nacional-de-proteccion-al-trabajadormanual-para-capacitadores-de-trabajadores-agricolas-y-manipuladores-de-pesticidas\\\/#breadcrumb\"},\"inLanguage\":\"es\",\"potentialAction\":[{\"@type\":\"ReadAction\",\"target\":[\"https:\\\/\\\/www.pesticideresources.org\\\/wps\\\/materials-for-training-wps-trainers\\\/ley-nacional-de-proteccion-al-trabajadormanual-para-capacitadores-de-trabajadores-agricolas-y-manipuladores-de-pesticidas\\\/\"]}]},{\"@type\":\"BreadcrumbList\",\"@id\":\"https:\\\/\\\/www.pesticideresources.org\\\/wps\\\/materials-for-training-wps-trainers\\\/ley-nacional-de-proteccion-al-trabajadormanual-para-capacitadores-de-trabajadores-agricolas-y-manipuladores-de-pesticidas\\\/#breadcrumb\",\"itemListElement\":[{\"@type\":\"ListItem\",\"position\":1,\"name\":\"Home\",\"item\":\"https:\\\/\\\/www.pesticideresources.org\\\/\"},{\"@type\":\"ListItem\",\"position\":2,\"name\":\"Worker Protection Standard\",\"item\":\"https:\\\/\\\/www.pesticideresources.org\\\/wps\\\/\"},{\"@type\":\"ListItem\",\"position\":3,\"name\":\"Materials for Training WPS Trainers\",\"item\":\"https:\\\/\\\/www.pesticideresources.org\\\/wps\\\/materials-for-training-wps-trainers\\\/\"},{\"@type\":\"ListItem\",\"position\":4,\"name\":\"Ley Nacional de Protecci\u00f3n al Trabajador:Manual para Capacitadores de Trabajadores Agr\u00edcolas y Manipuladores de Pesticidas\"}]},{\"@type\":\"WebSite\",\"@id\":\"https:\\\/\\\/www.pesticideresources.org\\\/#website\",\"url\":\"https:\\\/\\\/www.pesticideresources.org\\\/\",\"name\":\"Pesticide Educational Resources Collaborative\",\"description\":\"\",\"potentialAction\":[{\"@type\":\"SearchAction\",\"target\":{\"@type\":\"EntryPoint\",\"urlTemplate\":\"https:\\\/\\\/www.pesticideresources.org\\\/?s={search_term_string}\"},\"query-input\":{\"@type\":\"PropertyValueSpecification\",\"valueRequired\":true,\"valueName\":\"search_term_string\"}}],\"inLanguage\":\"es\"}]}<\/script>\n<!-- \/ Yoast SEO plugin. -->","yoast_head_json":{"title":"Ley Nacional de Protecci\u00f3n al Trabajador: Manual para Capacitadores de Trabajadores Agr\u00edcolas y Manipuladores de Pesticidas - Pesticide Educational Resources Collaborative","robots":{"index":"index","follow":"follow","max-snippet":"max-snippet:-1","max-image-preview":"max-image-preview:large","max-video-preview":"max-video-preview:-1"},"canonical":"https:\/\/www.pesticideresources.org\/es\/wps\/materials-for-training-wps-trainers\/ley-nacional-de-proteccion-al-trabajadormanual-para-capacitadores-de-trabajadores-agricolas-y-manipuladores-de-pesticidas\/","og_locale":"es_MX","og_type":"article","og_title":"Ley Nacional de Protecci\u00f3n al Trabajador:Manual para Capacitadores de Trabajadores Agr\u00edcolas y Manipuladores de Pesticidas - Pesticide Educational Resources Collaborative","og_description":"Seg\u00fan la m\u00e1s reciente revisi\u00f3n de la Ley Nacional de Protecci\u00f3n al Trabajador, a partir del 2 de enero de 2017, los trabajadores agr\u00edcolas y manipuladores de pesticidas deben recibir capacitaci\u00f3n antes de comenzar a trabajar y cada 12 meses. Dicha capacitaci\u00f3n incluye informaci\u00f3n acerca de los residuos de los pesticidas, los posibles efectos para [&hellip;]","og_url":"https:\/\/www.pesticideresources.org\/es\/wps\/materials-for-training-wps-trainers\/ley-nacional-de-proteccion-al-trabajadormanual-para-capacitadores-de-trabajadores-agricolas-y-manipuladores-de-pesticidas\/","og_site_name":"Pesticide Educational Resources Collaborative","article_publisher":"https:\/\/www.facebook.com\/PERCPesticide\/","article_modified_time":"2025-05-22T18:18:04+00:00","twitter_card":"summary_large_image","twitter_site":"@percpesticide","twitter_misc":{"Tiempo de lectura":"2 minutos"},"schema":{"@context":"https:\/\/schema.org","@graph":[{"@type":"WebPage","@id":"https:\/\/www.pesticideresources.org\/wps\/materials-for-training-wps-trainers\/ley-nacional-de-proteccion-al-trabajadormanual-para-capacitadores-de-trabajadores-agricolas-y-manipuladores-de-pesticidas\/","url":"https:\/\/www.pesticideresources.org\/wps\/materials-for-training-wps-trainers\/ley-nacional-de-proteccion-al-trabajadormanual-para-capacitadores-de-trabajadores-agricolas-y-manipuladores-de-pesticidas\/","name":"Ley Nacional de Protecci\u00f3n al Trabajador: Manual para Capacitadores de Trabajadores Agr\u00edcolas y Manipuladores de Pesticidas - Pesticide Educational Resources Collaborative","isPartOf":{"@id":"https:\/\/www.pesticideresources.org\/#website"},"datePublished":"2023-07-14T20:37:51+00:00","dateModified":"2025-05-22T18:18:04+00:00","breadcrumb":{"@id":"https:\/\/www.pesticideresources.org\/wps\/materials-for-training-wps-trainers\/ley-nacional-de-proteccion-al-trabajadormanual-para-capacitadores-de-trabajadores-agricolas-y-manipuladores-de-pesticidas\/#breadcrumb"},"inLanguage":"es","potentialAction":[{"@type":"ReadAction","target":["https:\/\/www.pesticideresources.org\/wps\/materials-for-training-wps-trainers\/ley-nacional-de-proteccion-al-trabajadormanual-para-capacitadores-de-trabajadores-agricolas-y-manipuladores-de-pesticidas\/"]}]},{"@type":"BreadcrumbList","@id":"https:\/\/www.pesticideresources.org\/wps\/materials-for-training-wps-trainers\/ley-nacional-de-proteccion-al-trabajadormanual-para-capacitadores-de-trabajadores-agricolas-y-manipuladores-de-pesticidas\/#breadcrumb","itemListElement":[{"@type":"ListItem","position":1,"name":"Home","item":"https:\/\/www.pesticideresources.org\/"},{"@type":"ListItem","position":2,"name":"Worker Protection Standard","item":"https:\/\/www.pesticideresources.org\/wps\/"},{"@type":"ListItem","position":3,"name":"Materials for Training WPS Trainers","item":"https:\/\/www.pesticideresources.org\/wps\/materials-for-training-wps-trainers\/"},{"@type":"ListItem","position":4,"name":"Ley Nacional de Protecci\u00f3n al Trabajador:Manual para Capacitadores de Trabajadores Agr\u00edcolas y Manipuladores de Pesticidas"}]},{"@type":"WebSite","@id":"https:\/\/www.pesticideresources.org\/#website","url":"https:\/\/www.pesticideresources.org\/","name":"Colaboraci\u00f3n de recursos educativos sobre pesticidas","description":"","potentialAction":[{"@type":"SearchAction","target":{"@type":"EntryPoint","urlTemplate":"https:\/\/www.pesticideresources.org\/?s={search_term_string}"},"query-input":{"@type":"PropertyValueSpecification","valueRequired":true,"valueName":"search_term_string"}}],"inLanguage":"es"}]}},"_links":{"self":[{"href":"https:\/\/www.pesticideresources.org\/es\/wp-json\/wp\/v2\/pages\/2109","targetHints":{"allow":["GET"]}}],"collection":[{"href":"https:\/\/www.pesticideresources.org\/es\/wp-json\/wp\/v2\/pages"}],"about":[{"href":"https:\/\/www.pesticideresources.org\/es\/wp-json\/wp\/v2\/types\/page"}],"author":[{"embeddable":true,"href":"https:\/\/www.pesticideresources.org\/es\/wp-json\/wp\/v2\/users\/1"}],"replies":[{"embeddable":true,"href":"https:\/\/www.pesticideresources.org\/es\/wp-json\/wp\/v2\/comments?post=2109"}],"version-history":[{"count":3,"href":"https:\/\/www.pesticideresources.org\/es\/wp-json\/wp\/v2\/pages\/2109\/revisions"}],"predecessor-version":[{"id":4906,"href":"https:\/\/www.pesticideresources.org\/es\/wp-json\/wp\/v2\/pages\/2109\/revisions\/4906"}],"up":[{"embeddable":true,"href":"https:\/\/www.pesticideresources.org\/es\/wp-json\/wp\/v2\/pages\/1714"}],"wp:attachment":[{"href":"https:\/\/www.pesticideresources.org\/es\/wp-json\/wp\/v2\/media?parent=2109"}],"curies":[{"name":"wp","href":"https:\/\/api.w.org\/{rel}","templated":true}]}}