{"id":2085,"date":"2023-07-14T15:54:07","date_gmt":"2023-07-14T19:54:07","guid":{"rendered":"https:\/\/www.pesticideresources.org\/crop-advisor\/"},"modified":"2025-03-26T17:45:21","modified_gmt":"2025-03-26T21:45:21","slug":"crop-advisor","status":"publish","type":"page","link":"https:\/\/www.pesticideresources.org\/es\/wps\/definitions\/crop-advisor\/","title":{"rendered":"Asesor de cultivos"},"content":{"rendered":"<section class=\"block block-banner\">\n    <div class=\"block-banner--wrapper |  flex-container\">\n        <div class=\"blk9\/12-xl blk9\/12-lg blk8\/12-md blk8\/12-sm blk12\/12-xs bleed-margin flex-container flex-justify-center flex-align-items-center\">\n            <div class=\"blk7\/9-xl blk7\/9-lg blk7\/9-md blk7\/9-sm blk9\/9-xs bleed-margin\">\n                <div class=\"container\">\n                                        <div class=\"block-banner--content |  mx-auto\">\n                                                    <h1>Asesor de cultivos<\/h1>\n                                                                                            <\/div>\n                <\/div>\n            <\/div>\n        <\/div>\n                    <div class=\"blk3\/12-xl blk3\/12-lg blk4\/12-md blk4\/12-sm blk12\/12-xs bleed-margin\">\n                <img loading=\"lazy\" decoding=\"async\" width=\"300\" height=\"390\" src=\"https:\/\/www.pesticideresources.org\/wp-content\/uploads\/2023\/07\/Crop-Advisors.jpg\" class=\"attachment-full size-full\" alt=\"\" \/>                    \n            <\/div>\n            <\/div>\n<\/section>\n\n\n\n<section class=\"block block-full-width-content\" style=\"\">\n    <div class=\"container\">\n        <div class=\"blk10\/12-xl blk10\/12-lg blk8\/12-md blk10\/12-md blk10\/12-sm mx-auto\">\n            <div class=\"inner\">\n            <p>&nbsp;<\/p>\n<p>Los asesores de cultivos se conocen com\u00fanmente como consultores de cultivos.<\/p>\n<div class=\"well well-sm\">\n<p style=\"font-family: courier;\"><a href=\"https:\/\/www.ecfr.gov\/cgi-bin\/text-idx?SID=4ec11d2f90a6539051b9f635d24c3dc7&amp;mc=true&amp;node=pt40.26.170&amp;rgn=div5#se40.26.170_1305\" target=\"_blank\" rel=\"noopener\">CFR \u00a7170.305:<\/a> Un asesor de cultivos se define como cualquier persona que eval\u00faa el n\u00famero de plagas, los da\u00f1os, la distribuci\u00f3n de pesticidas o el estado o los requisitos de <a href=\"\/es\/wps\/definitions\/agplant.html\/\">plantas agr\u00edcolas<\/a>.<\/p>\n<\/div>\n<p>Los asesores de cultivos certificados est\u00e1n exentos de ciertas responsabilidades seg\u00fan el WPS si se completa la aplicaci\u00f3n de pesticidas y se cumplen todas las siguientes condiciones:<\/p>\n<ul>\n<li>El asesor de cultivos est\u00e1 certificado o autorizado como asesor de cultivos por un programa reconocido como apropiado por escrito por la EPA o una agencia estatal o tribal responsable de la aplicaci\u00f3n de pesticidas.\u00a0<span style=\"font-weight: 400;\">Uno de estos programas es la Alianza Nacional de Consultores Independientes de Cultivos (NAICC).<\/span><\/li>\n<li>El programa de certificaci\u00f3n o licencia debe incluir capacitaci\u00f3n en seguridad de pesticidas que tenga toda la informaci\u00f3n requerida de los manipuladores de WPS, seg\u00fan corresponda, seg\u00fan la fecha de la capacitaci\u00f3n.<\/li>\n<li>En la zona tratada \u00fanicamente se realizan tareas de asesoramiento de cultivos.<\/li>\n<\/ul>\n<h4>Hay informaci\u00f3n m\u00e1s detallada disponible <a href=\"\/es\/wps\/jfy\/advisor\/index.html\/\">aqu\u00ed<\/a>.<\/h4>\n            <\/div>\n        <\/div>\n    <\/div>\n<\/section>","protected":false},"excerpt":{"rendered":"","protected":false},"author":1,"featured_media":0,"parent":2053,"menu_order":0,"comment_status":"closed","ping_status":"closed","template":"","meta":{"_acf_changed":false,"inline_featured_image":false,"footnotes":""},"class_list":["post-2085","page","type-page","status-publish","hentry"],"acf":[],"yoast_head":"<!-- This site is optimized with the Yoast SEO plugin v27.3 - https:\/\/yoast.com\/product\/yoast-seo-wordpress\/ -->\n<title>Crop Advisor - Pesticide Educational Resources Collaborative<\/title>\n<meta name=\"robots\" content=\"index, follow, max-snippet:-1, max-image-preview:large, max-video-preview:-1\" \/>\n<link rel=\"canonical\" href=\"https:\/\/www.pesticideresources.org\/es\/wps\/definitions\/crop-advisor\/\" \/>\n<meta property=\"og:locale\" content=\"es_MX\" \/>\n<meta property=\"og:type\" content=\"article\" \/>\n<meta property=\"og:title\" content=\"Crop Advisor - Pesticide Educational Resources Collaborative\" \/>\n<meta property=\"og:url\" content=\"https:\/\/www.pesticideresources.org\/es\/wps\/definitions\/crop-advisor\/\" \/>\n<meta property=\"og:site_name\" content=\"Pesticide Educational Resources Collaborative\" \/>\n<meta property=\"article:publisher\" content=\"https:\/\/www.facebook.com\/PERCPesticide\/\" \/>\n<meta property=\"article:modified_time\" content=\"2025-03-26T21:45:21+00:00\" \/>\n<meta name=\"twitter:card\" content=\"summary_large_image\" \/>\n<meta name=\"twitter:site\" content=\"@percpesticide\" \/>\n<script type=\"application\/ld+json\" class=\"yoast-schema-graph\">{\"@context\":\"https:\\\/\\\/schema.org\",\"@graph\":[{\"@type\":\"WebPage\",\"@id\":\"https:\\\/\\\/www.pesticideresources.org\\\/wps\\\/definitions\\\/crop-advisor\\\/\",\"url\":\"https:\\\/\\\/www.pesticideresources.org\\\/wps\\\/definitions\\\/crop-advisor\\\/\",\"name\":\"Crop Advisor - Pesticide Educational Resources Collaborative\",\"isPartOf\":{\"@id\":\"https:\\\/\\\/www.pesticideresources.org\\\/#website\"},\"datePublished\":\"2023-07-14T19:54:07+00:00\",\"dateModified\":\"2025-03-26T21:45:21+00:00\",\"breadcrumb\":{\"@id\":\"https:\\\/\\\/www.pesticideresources.org\\\/wps\\\/definitions\\\/crop-advisor\\\/#breadcrumb\"},\"inLanguage\":\"es\",\"potentialAction\":[{\"@type\":\"ReadAction\",\"target\":[\"https:\\\/\\\/www.pesticideresources.org\\\/wps\\\/definitions\\\/crop-advisor\\\/\"]}]},{\"@type\":\"BreadcrumbList\",\"@id\":\"https:\\\/\\\/www.pesticideresources.org\\\/wps\\\/definitions\\\/crop-advisor\\\/#breadcrumb\",\"itemListElement\":[{\"@type\":\"ListItem\",\"position\":1,\"name\":\"Home\",\"item\":\"https:\\\/\\\/www.pesticideresources.org\\\/\"},{\"@type\":\"ListItem\",\"position\":2,\"name\":\"Worker Protection Standard\",\"item\":\"https:\\\/\\\/www.pesticideresources.org\\\/wps\\\/\"},{\"@type\":\"ListItem\",\"position\":3,\"name\":\"Definitions\",\"item\":\"https:\\\/\\\/www.pesticideresources.org\\\/wps\\\/definitions\\\/\"},{\"@type\":\"ListItem\",\"position\":4,\"name\":\"Crop Advisor\"}]},{\"@type\":\"WebSite\",\"@id\":\"https:\\\/\\\/www.pesticideresources.org\\\/#website\",\"url\":\"https:\\\/\\\/www.pesticideresources.org\\\/\",\"name\":\"Pesticide Educational Resources Collaborative\",\"description\":\"\",\"potentialAction\":[{\"@type\":\"SearchAction\",\"target\":{\"@type\":\"EntryPoint\",\"urlTemplate\":\"https:\\\/\\\/www.pesticideresources.org\\\/?s={search_term_string}\"},\"query-input\":{\"@type\":\"PropertyValueSpecification\",\"valueRequired\":true,\"valueName\":\"search_term_string\"}}],\"inLanguage\":\"es\"}]}<\/script>\n<!-- \/ Yoast SEO plugin. -->","yoast_head_json":{"title":"Asesor de Cultivos - Colaboraci\u00f3n de Recursos Educativos sobre Pesticidas","robots":{"index":"index","follow":"follow","max-snippet":"max-snippet:-1","max-image-preview":"max-image-preview:large","max-video-preview":"max-video-preview:-1"},"canonical":"https:\/\/www.pesticideresources.org\/es\/wps\/definitions\/crop-advisor\/","og_locale":"es_MX","og_type":"article","og_title":"Crop Advisor - Pesticide Educational Resources Collaborative","og_url":"https:\/\/www.pesticideresources.org\/es\/wps\/definitions\/crop-advisor\/","og_site_name":"Pesticide Educational Resources Collaborative","article_publisher":"https:\/\/www.facebook.com\/PERCPesticide\/","article_modified_time":"2025-03-26T21:45:21+00:00","twitter_card":"summary_large_image","twitter_site":"@percpesticide","schema":{"@context":"https:\/\/schema.org","@graph":[{"@type":"WebPage","@id":"https:\/\/www.pesticideresources.org\/wps\/definitions\/crop-advisor\/","url":"https:\/\/www.pesticideresources.org\/wps\/definitions\/crop-advisor\/","name":"Asesor de Cultivos - Colaboraci\u00f3n de Recursos Educativos sobre Pesticidas","isPartOf":{"@id":"https:\/\/www.pesticideresources.org\/#website"},"datePublished":"2023-07-14T19:54:07+00:00","dateModified":"2025-03-26T21:45:21+00:00","breadcrumb":{"@id":"https:\/\/www.pesticideresources.org\/wps\/definitions\/crop-advisor\/#breadcrumb"},"inLanguage":"es","potentialAction":[{"@type":"ReadAction","target":["https:\/\/www.pesticideresources.org\/wps\/definitions\/crop-advisor\/"]}]},{"@type":"BreadcrumbList","@id":"https:\/\/www.pesticideresources.org\/wps\/definitions\/crop-advisor\/#breadcrumb","itemListElement":[{"@type":"ListItem","position":1,"name":"Home","item":"https:\/\/www.pesticideresources.org\/"},{"@type":"ListItem","position":2,"name":"Worker Protection Standard","item":"https:\/\/www.pesticideresources.org\/wps\/"},{"@type":"ListItem","position":3,"name":"Definitions","item":"https:\/\/www.pesticideresources.org\/wps\/definitions\/"},{"@type":"ListItem","position":4,"name":"Crop Advisor"}]},{"@type":"WebSite","@id":"https:\/\/www.pesticideresources.org\/#website","url":"https:\/\/www.pesticideresources.org\/","name":"Colaboraci\u00f3n de recursos educativos sobre pesticidas","description":"","potentialAction":[{"@type":"SearchAction","target":{"@type":"EntryPoint","urlTemplate":"https:\/\/www.pesticideresources.org\/?s={search_term_string}"},"query-input":{"@type":"PropertyValueSpecification","valueRequired":true,"valueName":"search_term_string"}}],"inLanguage":"es"}]}},"_links":{"self":[{"href":"https:\/\/www.pesticideresources.org\/es\/wp-json\/wp\/v2\/pages\/2085","targetHints":{"allow":["GET"]}}],"collection":[{"href":"https:\/\/www.pesticideresources.org\/es\/wp-json\/wp\/v2\/pages"}],"about":[{"href":"https:\/\/www.pesticideresources.org\/es\/wp-json\/wp\/v2\/types\/page"}],"author":[{"embeddable":true,"href":"https:\/\/www.pesticideresources.org\/es\/wp-json\/wp\/v2\/users\/1"}],"replies":[{"embeddable":true,"href":"https:\/\/www.pesticideresources.org\/es\/wp-json\/wp\/v2\/comments?post=2085"}],"version-history":[{"count":17,"href":"https:\/\/www.pesticideresources.org\/es\/wp-json\/wp\/v2\/pages\/2085\/revisions"}],"predecessor-version":[{"id":4775,"href":"https:\/\/www.pesticideresources.org\/es\/wp-json\/wp\/v2\/pages\/2085\/revisions\/4775"}],"up":[{"embeddable":true,"href":"https:\/\/www.pesticideresources.org\/es\/wp-json\/wp\/v2\/pages\/2053"}],"wp:attachment":[{"href":"https:\/\/www.pesticideresources.org\/es\/wp-json\/wp\/v2\/media?parent=2085"}],"curies":[{"name":"wp","href":"https:\/\/api.w.org\/{rel}","templated":true}]}}