{"id":2083,"date":"2023-07-14T15:54:06","date_gmt":"2023-07-14T19:54:06","guid":{"rendered":"https:\/\/www.pesticideresources.org\/commercial-pesticide-handler-employer-establishment\/"},"modified":"2023-08-03T11:35:56","modified_gmt":"2023-08-03T15:35:56","slug":"commercial-pesticide-handler-employer-establishment","status":"publish","type":"page","link":"https:\/\/www.pesticideresources.org\/es\/wps\/definitions\/commercial-pesticide-handler-employer-establishment\/","title":{"rendered":"Empleador\/establecimiento de manipulador de pesticidas comerciales"},"content":{"rendered":"<section class=\"block block-banner\">\n    <div class=\"block-banner--wrapper |  flex-container\">\n        <div class=\"blk9\/12-xl blk9\/12-lg blk8\/12-md blk8\/12-sm blk12\/12-xs bleed-margin flex-container flex-justify-center flex-align-items-center\">\n            <div class=\"blk7\/9-xl blk7\/9-lg blk7\/9-md blk7\/9-sm blk9\/9-xs bleed-margin\">\n                <div class=\"container\">\n                                        <div class=\"block-banner--content |  mx-auto\">\n                                                    <h1>Empleador\/establecimiento de manipulador de pesticidas comerciales<\/h1>\n                                                                                            <\/div>\n                <\/div>\n            <\/div>\n        <\/div>\n                    <div class=\"blk3\/12-xl blk3\/12-lg blk4\/12-md blk4\/12-sm blk12\/12-xs bleed-margin\">\n                <img loading=\"lazy\" decoding=\"async\" width=\"300\" height=\"390\" src=\"https:\/\/www.pesticideresources.org\/wp-content\/uploads\/2023\/07\/Commercial-Pesticide-Handler-Employers.jpg\" class=\"attachment-full size-full\" alt=\"\" \/>                    \n            <\/div>\n            <\/div>\n<\/section>\n\n\n\n<section class=\"block block-full-width-content\" style=\"\">\n    <div class=\"container\">\n        <div class=\"blk10\/12-xl blk10\/12-lg blk8\/12-md blk10\/12-md blk10\/12-sm mx-auto\">\n            <div class=\"inner\">\n            <p>&nbsp;<\/p>\n<p>Los empleadores de manipuladores de pesticidas comerciales se conocen com\u00fanmente como: empleadores de aplicadores personalizados, empleadores de aplicadores por contrato u operadores comerciales de pesticidas.<\/p>\n<div class=\"well well-sm\">\n<p style=\"font-family: courier;\"><a href=\"https:\/\/www.ecfr.gov\/cgi-bin\/text-idx?SID=4ec11d2f90a6539051b9f635d24c3dc7&amp;mc=true&amp;node=pt40.26.170&amp;rgn=div5#se40.26.170_1305\" target=\"_blank\" rel=\"noopener\">CFR \u00a7170.305:<\/a> Un manipulador de pesticidas comerciales <strong>empleador<\/strong> se define como cualquier persona, distinta de una <a href=\"\/es\/agemployer.html\/\">empleador agr\u00edcola<\/a>, que emplea cualquier <a href=\"\/es\/handler.html\/\">manipulador<\/a> realizar actividades de manejo en un <a href=\"\/es\/agestablishment.html\/\">establecimiento agricola<\/a>. A <a href=\"\/es\/laborcontractor.html\/\">contratista de mano de obra<\/a> que no proporciona servicios de aplicaci\u00f3n de pesticidas ni supervisa el desempe\u00f1o de las actividades de manipulaci\u00f3n, sino que simplemente emplea trabajadores que realizan <a href=\"\/es\/handler.html\/\">actividades del manejador<\/a> bajo la direcci\u00f3n de un empleador agr\u00edcola o de manipulaci\u00f3n de pesticidas, no es un empleador de manipulaci\u00f3n de pesticidas comerciales.<\/p>\n<\/div>\n<p>&nbsp;<\/p>\n<div class=\"well well-sm\">\n<p style=\"font-family: courier;\"><a href=\"https:\/\/www.ecfr.gov\/cgi-bin\/text-idx?SID=4ec11d2f90a6539051b9f635d24c3dc7&amp;mc=true&amp;node=pt40.26.170&amp;rgn=div5#se40.26.170_1305\" target=\"_blank\" rel=\"noopener\">CFR \u00a7170.305:<\/a> Un manejo comercial de pesticidas. <strong>establecimiento<\/strong> se define como cualquier empresa, distinta de una <a href=\"\/es\/agestablishment.html\/\">establecimiento agricola<\/a>, que proporciona manipulador de pesticidas o <a href=\"\/es\/cropadvisor.html\/\">asesoramiento sobre cultivos<\/a> servicios a establecimientos agr\u00edcolas.<\/p>\n<\/div>\n<h4>Hay informaci\u00f3n m\u00e1s detallada disponible <a href=\"\/es\/wps\/jfy\/cphe\/index.html\/\">aqu\u00ed<\/a>.<\/h4>\n            <\/div>\n        <\/div>\n    <\/div>\n<\/section>","protected":false},"excerpt":{"rendered":"","protected":false},"author":1,"featured_media":0,"parent":2053,"menu_order":0,"comment_status":"closed","ping_status":"closed","template":"","meta":{"_acf_changed":false,"inline_featured_image":false,"footnotes":""},"class_list":["post-2083","page","type-page","status-publish","hentry"],"acf":[],"yoast_head":"<!-- This site is optimized with the Yoast SEO plugin v27.3 - https:\/\/yoast.com\/product\/yoast-seo-wordpress\/ -->\n<title>Commercial Pesticide Handler Employer\/Establishment - Pesticide Educational Resources Collaborative<\/title>\n<meta name=\"robots\" content=\"index, follow, max-snippet:-1, max-image-preview:large, max-video-preview:-1\" \/>\n<link rel=\"canonical\" href=\"https:\/\/www.pesticideresources.org\/es\/wps\/definitions\/commercial-pesticide-handler-employer-establishment\/\" \/>\n<meta property=\"og:locale\" content=\"es_MX\" \/>\n<meta property=\"og:type\" content=\"article\" \/>\n<meta property=\"og:title\" content=\"Commercial Pesticide Handler Employer\/Establishment - Pesticide Educational Resources Collaborative\" \/>\n<meta property=\"og:url\" content=\"https:\/\/www.pesticideresources.org\/es\/wps\/definitions\/commercial-pesticide-handler-employer-establishment\/\" \/>\n<meta property=\"og:site_name\" content=\"Pesticide Educational Resources Collaborative\" \/>\n<meta property=\"article:publisher\" content=\"https:\/\/www.facebook.com\/PERCPesticide\/\" \/>\n<meta property=\"article:modified_time\" content=\"2023-08-03T15:35:56+00:00\" \/>\n<meta name=\"twitter:card\" content=\"summary_large_image\" \/>\n<meta name=\"twitter:site\" content=\"@percpesticide\" \/>\n<script type=\"application\/ld+json\" class=\"yoast-schema-graph\">{\"@context\":\"https:\\\/\\\/schema.org\",\"@graph\":[{\"@type\":\"WebPage\",\"@id\":\"https:\\\/\\\/www.pesticideresources.org\\\/wps\\\/definitions\\\/commercial-pesticide-handler-employer-establishment\\\/\",\"url\":\"https:\\\/\\\/www.pesticideresources.org\\\/wps\\\/definitions\\\/commercial-pesticide-handler-employer-establishment\\\/\",\"name\":\"Commercial Pesticide Handler Employer\\\/Establishment - Pesticide Educational Resources Collaborative\",\"isPartOf\":{\"@id\":\"https:\\\/\\\/www.pesticideresources.org\\\/#website\"},\"datePublished\":\"2023-07-14T19:54:06+00:00\",\"dateModified\":\"2023-08-03T15:35:56+00:00\",\"breadcrumb\":{\"@id\":\"https:\\\/\\\/www.pesticideresources.org\\\/wps\\\/definitions\\\/commercial-pesticide-handler-employer-establishment\\\/#breadcrumb\"},\"inLanguage\":\"es\",\"potentialAction\":[{\"@type\":\"ReadAction\",\"target\":[\"https:\\\/\\\/www.pesticideresources.org\\\/wps\\\/definitions\\\/commercial-pesticide-handler-employer-establishment\\\/\"]}]},{\"@type\":\"BreadcrumbList\",\"@id\":\"https:\\\/\\\/www.pesticideresources.org\\\/wps\\\/definitions\\\/commercial-pesticide-handler-employer-establishment\\\/#breadcrumb\",\"itemListElement\":[{\"@type\":\"ListItem\",\"position\":1,\"name\":\"Home\",\"item\":\"https:\\\/\\\/www.pesticideresources.org\\\/\"},{\"@type\":\"ListItem\",\"position\":2,\"name\":\"Worker Protection Standard\",\"item\":\"https:\\\/\\\/www.pesticideresources.org\\\/wps\\\/\"},{\"@type\":\"ListItem\",\"position\":3,\"name\":\"Definitions\",\"item\":\"https:\\\/\\\/www.pesticideresources.org\\\/wps\\\/definitions\\\/\"},{\"@type\":\"ListItem\",\"position\":4,\"name\":\"Commercial Pesticide Handler Employer\\\/Establishment\"}]},{\"@type\":\"WebSite\",\"@id\":\"https:\\\/\\\/www.pesticideresources.org\\\/#website\",\"url\":\"https:\\\/\\\/www.pesticideresources.org\\\/\",\"name\":\"Pesticide Educational Resources Collaborative\",\"description\":\"\",\"potentialAction\":[{\"@type\":\"SearchAction\",\"target\":{\"@type\":\"EntryPoint\",\"urlTemplate\":\"https:\\\/\\\/www.pesticideresources.org\\\/?s={search_term_string}\"},\"query-input\":{\"@type\":\"PropertyValueSpecification\",\"valueRequired\":true,\"valueName\":\"search_term_string\"}}],\"inLanguage\":\"es\"}]}<\/script>\n<!-- \/ Yoast SEO plugin. -->","yoast_head_json":{"title":"Commercial Pesticide Handler Employer\/Establishment - Pesticide Educational Resources Collaborative","robots":{"index":"index","follow":"follow","max-snippet":"max-snippet:-1","max-image-preview":"max-image-preview:large","max-video-preview":"max-video-preview:-1"},"canonical":"https:\/\/www.pesticideresources.org\/es\/wps\/definitions\/commercial-pesticide-handler-employer-establishment\/","og_locale":"es_MX","og_type":"article","og_title":"Commercial Pesticide Handler Employer\/Establishment - Pesticide Educational Resources Collaborative","og_url":"https:\/\/www.pesticideresources.org\/es\/wps\/definitions\/commercial-pesticide-handler-employer-establishment\/","og_site_name":"Pesticide Educational Resources Collaborative","article_publisher":"https:\/\/www.facebook.com\/PERCPesticide\/","article_modified_time":"2023-08-03T15:35:56+00:00","twitter_card":"summary_large_image","twitter_site":"@percpesticide","schema":{"@context":"https:\/\/schema.org","@graph":[{"@type":"WebPage","@id":"https:\/\/www.pesticideresources.org\/wps\/definitions\/commercial-pesticide-handler-employer-establishment\/","url":"https:\/\/www.pesticideresources.org\/wps\/definitions\/commercial-pesticide-handler-employer-establishment\/","name":"Commercial Pesticide Handler Employer\/Establishment - Pesticide Educational Resources Collaborative","isPartOf":{"@id":"https:\/\/www.pesticideresources.org\/#website"},"datePublished":"2023-07-14T19:54:06+00:00","dateModified":"2023-08-03T15:35:56+00:00","breadcrumb":{"@id":"https:\/\/www.pesticideresources.org\/wps\/definitions\/commercial-pesticide-handler-employer-establishment\/#breadcrumb"},"inLanguage":"es","potentialAction":[{"@type":"ReadAction","target":["https:\/\/www.pesticideresources.org\/wps\/definitions\/commercial-pesticide-handler-employer-establishment\/"]}]},{"@type":"BreadcrumbList","@id":"https:\/\/www.pesticideresources.org\/wps\/definitions\/commercial-pesticide-handler-employer-establishment\/#breadcrumb","itemListElement":[{"@type":"ListItem","position":1,"name":"Home","item":"https:\/\/www.pesticideresources.org\/"},{"@type":"ListItem","position":2,"name":"Worker Protection Standard","item":"https:\/\/www.pesticideresources.org\/wps\/"},{"@type":"ListItem","position":3,"name":"Definitions","item":"https:\/\/www.pesticideresources.org\/wps\/definitions\/"},{"@type":"ListItem","position":4,"name":"Commercial Pesticide Handler Employer\/Establishment"}]},{"@type":"WebSite","@id":"https:\/\/www.pesticideresources.org\/#website","url":"https:\/\/www.pesticideresources.org\/","name":"Colaboraci\u00f3n de recursos educativos sobre pesticidas","description":"","potentialAction":[{"@type":"SearchAction","target":{"@type":"EntryPoint","urlTemplate":"https:\/\/www.pesticideresources.org\/?s={search_term_string}"},"query-input":{"@type":"PropertyValueSpecification","valueRequired":true,"valueName":"search_term_string"}}],"inLanguage":"es"}]}},"_links":{"self":[{"href":"https:\/\/www.pesticideresources.org\/es\/wp-json\/wp\/v2\/pages\/2083","targetHints":{"allow":["GET"]}}],"collection":[{"href":"https:\/\/www.pesticideresources.org\/es\/wp-json\/wp\/v2\/pages"}],"about":[{"href":"https:\/\/www.pesticideresources.org\/es\/wp-json\/wp\/v2\/types\/page"}],"author":[{"embeddable":true,"href":"https:\/\/www.pesticideresources.org\/es\/wp-json\/wp\/v2\/users\/1"}],"replies":[{"embeddable":true,"href":"https:\/\/www.pesticideresources.org\/es\/wp-json\/wp\/v2\/comments?post=2083"}],"version-history":[{"count":4,"href":"https:\/\/www.pesticideresources.org\/es\/wp-json\/wp\/v2\/pages\/2083\/revisions"}],"predecessor-version":[{"id":3132,"href":"https:\/\/www.pesticideresources.org\/es\/wp-json\/wp\/v2\/pages\/2083\/revisions\/3132"}],"up":[{"embeddable":true,"href":"https:\/\/www.pesticideresources.org\/es\/wp-json\/wp\/v2\/pages\/2053"}],"wp:attachment":[{"href":"https:\/\/www.pesticideresources.org\/es\/wp-json\/wp\/v2\/media?parent=2083"}],"curies":[{"name":"wp","href":"https:\/\/api.w.org\/{rel}","templated":true}]}}