{"id":1418,"date":"2023-07-07T16:34:50","date_gmt":"2023-07-07T20:34:50","guid":{"rendered":"https:\/\/www.pesticideresources.org\/?page_id=1418"},"modified":"2023-07-07T16:34:51","modified_gmt":"2023-07-07T20:34:51","slug":"guides-for-the-worker-protection-standard","status":"publish","type":"page","link":"https:\/\/www.pesticideresources.org\/es\/guides-for-the-worker-protection-standard\/","title":{"rendered":"Gu\u00edas para la Norma de Protecci\u00f3n al Trabajador"},"content":{"rendered":"<section class=\"block block-banner  sans-image\">\n    <div class=\"block-banner--wrapper |  flex-container\">\n        <div class=\"blk9\/12-xl blk9\/12-lg blk8\/12-md blk8\/12-sm blk12\/12-xs bleed-margin flex-container flex-justify-center flex-align-items-center\">\n            <div class=\"blk7\/9-xl blk7\/9-lg blk7\/9-md blk7\/9-sm blk9\/9-xs bleed-margin\">\n                <div class=\"container\">\n                                        <div class=\"block-banner--content |  mx-auto\">\n                                                    <h1>Gu\u00edas para la Norma de Protecci\u00f3n al Trabajador<\/h1>\n                                                                                            <\/div>\n                <\/div>\n            <\/div>\n        <\/div>\n            <\/div>\n<\/section>\n\n\n\n<section class=\"block block-full-width-content\" style=\"\">\n    <div class=\"container\">\n        <div class=\"blk10\/12-xl blk10\/12-lg blk8\/12-md blk10\/12-md blk10\/12-sm mx-auto\">\n            <div class=\"inner\">\n            <div class=\"container\">\n<div class='container'>\n<div id='sidebar-menu' class='col-md-2'>\n  <\/div>\n<div id='jfyContent' class='col-md-10'>\n<div class=\"col-md-4\">\n<div class=\"thumbnail\" style='text-align:center'>\n<p><a href='\/es\/agemp.html\/'><img src='\/images\/agemphandbook_thumbnail.png' title='portada del manual del empleador agr\u00edcola' alt=''><\/a><\/p>\n<h4><a href='\/es\/agemp.html\/'>Manual para empleadores agr\u00edcolas<\/a><\/h4>\n<p>&nbsp;<\/p>\n<p><a href='\/es\/protectworkers.html\/'><img src='\/images\/guideworker_thumbnail.png' title='capacitaci\u00f3n de trabajadores de campo sobre pesticidas, cr\u00e9dito de la foto: Asociaci\u00f3n de Programas de Oportunidades para Trabajadores Agr\u00edcolas' alt=''><\/a><\/p>\n<h4><a href='\/es\/protectworkers.html\/'>Protecciones para los trabajadores<\/h4>\n<p><a href='\/es\/protectworkers.es.html\/'>disponible en ingles<\/a><\/p>\n<p>&nbsp;<\/p>\n<p><a href='\/es\/protecthandlers.html\/'><img src='\/images\/guidehandler_thumbnail.png' title='Manipulador en EPI. Fot\u00f3grafo: Sean Ross, PERC' alt=''><\/a><\/p>\n<h4><a href='\/es\/protecthandlers.html\/'>Protecciones para Manipuladores<\/h4>\n<p><a href='\/es\/protecthandlers.es.html\/'>disponible en ingles<\/a><\/p>\n<p>&nbsp;<\/p>\n<p><a href='\/es\/aez\/index.html\/'><img src='\/images\/guideaez_thumbnail.png' title='trabajadores de campo cerca del plano de aplicaci\u00f3n, cr\u00e9dito de la foto: Jennifer Weber, Departamento de Agricultura de Arizona' alt=''><\/a><\/p>\n<h4><a href='\/es\/aez\/index.html\/'>Zonas de exclusi\u00f3n de aplicaciones<\/a><\/h4>\n<p>&nbsp;<\/p>\n<p><a href='\/es\/famexempt.html\/'><img src='\/images\/famexemptbnr_thumbnail.jpg' title='familia en el campo, foto cortes\u00eda de Getty Images' alt=''><\/a><\/p>\n<h4><a href='\/es\/famexempt.html\/'>Exenci\u00f3n familiar<\/a><\/h4>\n<\/div>\n<\/div>\n<div class=\"col-md-4\">\n<div class=\"thumbnail\" style='text-align:center'>\n<a href='\/es\/ppe.html\/'><img src='\/images\/guideppe_thumbnail.jpg' title='guantes usados para ppe, cr\u00e9dito de la foto: Jennifer Weber, Departamento de Agricultura de Arizona' alt=''><\/a><\/p>\n<h4><a href='\/es\/ppe.html\/'>Equipo de protecci\u00f3n personal<\/a><\/h4>\n<p>&nbsp;<\/p>\n<p><a href='\/es\/hazcomm.html\/'><img src='\/images\/cpposter_thumbnail.png' title='nuevo cartel de publicaci\u00f3n central, cr\u00e9dito de la foto: PERC' alt=''><\/a><\/p>\n<h4><a href='\/es\/hazcomm.html\/'>comunicaci\u00f3n peligrosa<\/a><\/h4>\n<p>&nbsp;<\/p>\n<p><a href='\/es\/decon.html\/'><img src='\/images\/guidedecon_thumbnail.png' title='estaci\u00f3n de descontaminaci\u00f3n, cr\u00e9dito de la foto: Sean Ross, PERC' alt=''><\/a><\/p>\n<h4><a href='\/es\/decon.html\/'>Descontaminaci\u00f3n<\/a><\/h4>\n<p>&nbsp;<\/p>\n<p><a href='\/es\/posting.html\/'><img src='\/images\/guideposting_thumbnail.png' title='letrero rei interior, cr\u00e9dito de la foto: Elizabeth Buffington, Universidad Estatal de Iowa' alt=''><\/a><\/p>\n<h4><a href='\/es\/posting.html\/'>Destino<\/a><\/h4>\n<p>&nbsp;<\/p>\n<p><a href='\/es\/workerbooklet.html\/'><img src='..\/..\/images\/worker_handbook_thumb_en.png' title='libreta de trabajador' alt=''><\/a><\/p>\n<h4><a href='\/es\/workerbooklet.html\/'>Folleto para trabajadores agr\u00edcolas<\/a><\/h4>\n<\/div>\n<\/div>\n<div class=\"col-md-4\" style='text-align:center'>\n<div class=\"thumbnail\">\n<a href='\/es\/wps\/respirators.html\/'><img src='\/images\/respirators_thumbnail.png' title='cubierta de la gu\u00eda del respirador' alt=''><\/a><\/p>\n<h4><a href='\/es\/wps\/respirators.html\/'>Uso del respirador<\/a><\/h4>\n<p>&nbsp;<\/p>\n<p><a href='\/es\/exempt.html\/'><img src='\/images\/guideexempt_thumbnail.jpg' title='vacas en el campo, foto cortes\u00eda de Getty Images' alt=''><\/a><\/p>\n<h4><a href='\/es\/exempt.html\/'>Excepciones y Exenciones<\/a><\/h4>\n<p>&nbsp;<\/p>\n<p><a href='\/es\/training.html\/'><img src='\/images\/cph-mixing_thumbnail.png' title='mezcla del manipulador de pesticidas, cr\u00e9dito de la foto: Sean Ross, PERC' alt=''><\/a><\/p>\n<h4><a href='\/es\/training.html\/'>Capacitaci\u00f3n en seguridad de pesticidas<\/a><\/h4>\n<p>&nbsp;<\/p>\n<p><a href='\/es\/wps\/htc\/index.html\/'><img src='\/images\/guidebnr_thumbnail.png' title='portada de c\u00f3mo cumplir manual' alt=''><\/a><\/p>\n<h4><a href='\/es\/wps\/htc\/index.html\/'>C\u00f3mo cumplir con el WPS<\/a><\/h4>\n<\/div>\n<\/div><\/div>\n<\/p><\/div>\n<\/div>\n<p><!-- end --><\/p>\n            <\/div>\n        <\/div>\n    <\/div>\n<\/section>","protected":false},"excerpt":{"rendered":"","protected":false},"author":1,"featured_media":0,"parent":0,"menu_order":0,"comment_status":"closed","ping_status":"closed","template":"","meta":{"_acf_changed":false,"inline_featured_image":false,"footnotes":""},"class_list":["post-1418","page","type-page","status-publish","hentry"],"acf":[],"yoast_head":"<!-- This site is optimized with the Yoast SEO plugin v27.3 - https:\/\/yoast.com\/product\/yoast-seo-wordpress\/ -->\n<title>Guides for the Worker Protection Standard - Pesticide Educational Resources Collaborative<\/title>\n<meta name=\"robots\" content=\"index, follow, max-snippet:-1, max-image-preview:large, max-video-preview:-1\" \/>\n<link rel=\"canonical\" href=\"https:\/\/www.pesticideresources.org\/es\/guides-for-the-worker-protection-standard\/\" \/>\n<meta property=\"og:locale\" content=\"es_MX\" \/>\n<meta property=\"og:type\" content=\"article\" \/>\n<meta property=\"og:title\" content=\"Guides for the Worker Protection Standard - Pesticide Educational Resources Collaborative\" \/>\n<meta property=\"og:url\" content=\"https:\/\/www.pesticideresources.org\/es\/guides-for-the-worker-protection-standard\/\" \/>\n<meta property=\"og:site_name\" content=\"Pesticide Educational Resources Collaborative\" \/>\n<meta property=\"article:publisher\" content=\"https:\/\/www.facebook.com\/PERCPesticide\/\" \/>\n<meta property=\"article:modified_time\" content=\"2023-07-07T20:34:51+00:00\" \/>\n<meta name=\"twitter:card\" content=\"summary_large_image\" \/>\n<meta name=\"twitter:site\" content=\"@percpesticide\" \/>\n<script type=\"application\/ld+json\" class=\"yoast-schema-graph\">{\"@context\":\"https:\\\/\\\/schema.org\",\"@graph\":[{\"@type\":\"WebPage\",\"@id\":\"https:\\\/\\\/www.pesticideresources.org\\\/guides-for-the-worker-protection-standard\\\/\",\"url\":\"https:\\\/\\\/www.pesticideresources.org\\\/guides-for-the-worker-protection-standard\\\/\",\"name\":\"Guides for the Worker Protection Standard - Pesticide Educational Resources Collaborative\",\"isPartOf\":{\"@id\":\"https:\\\/\\\/www.pesticideresources.org\\\/#website\"},\"datePublished\":\"2023-07-07T20:34:50+00:00\",\"dateModified\":\"2023-07-07T20:34:51+00:00\",\"breadcrumb\":{\"@id\":\"https:\\\/\\\/www.pesticideresources.org\\\/guides-for-the-worker-protection-standard\\\/#breadcrumb\"},\"inLanguage\":\"es\",\"potentialAction\":[{\"@type\":\"ReadAction\",\"target\":[\"https:\\\/\\\/www.pesticideresources.org\\\/guides-for-the-worker-protection-standard\\\/\"]}]},{\"@type\":\"BreadcrumbList\",\"@id\":\"https:\\\/\\\/www.pesticideresources.org\\\/guides-for-the-worker-protection-standard\\\/#breadcrumb\",\"itemListElement\":[{\"@type\":\"ListItem\",\"position\":1,\"name\":\"Home\",\"item\":\"https:\\\/\\\/www.pesticideresources.org\\\/\"},{\"@type\":\"ListItem\",\"position\":2,\"name\":\"Guides for the Worker Protection Standard\"}]},{\"@type\":\"WebSite\",\"@id\":\"https:\\\/\\\/www.pesticideresources.org\\\/#website\",\"url\":\"https:\\\/\\\/www.pesticideresources.org\\\/\",\"name\":\"Pesticide Educational Resources Collaborative\",\"description\":\"\",\"potentialAction\":[{\"@type\":\"SearchAction\",\"target\":{\"@type\":\"EntryPoint\",\"urlTemplate\":\"https:\\\/\\\/www.pesticideresources.org\\\/?s={search_term_string}\"},\"query-input\":{\"@type\":\"PropertyValueSpecification\",\"valueRequired\":true,\"valueName\":\"search_term_string\"}}],\"inLanguage\":\"es\"}]}<\/script>\n<!-- \/ Yoast SEO plugin. -->","yoast_head_json":{"title":"Gu\u00edas para la Norma de Protecci\u00f3n del Trabajador - Colaboraci\u00f3n de Recursos Educativos sobre Plaguicidas","robots":{"index":"index","follow":"follow","max-snippet":"max-snippet:-1","max-image-preview":"max-image-preview:large","max-video-preview":"max-video-preview:-1"},"canonical":"https:\/\/www.pesticideresources.org\/es\/guides-for-the-worker-protection-standard\/","og_locale":"es_MX","og_type":"article","og_title":"Guides for the Worker Protection Standard - Pesticide Educational Resources Collaborative","og_url":"https:\/\/www.pesticideresources.org\/es\/guides-for-the-worker-protection-standard\/","og_site_name":"Pesticide Educational Resources Collaborative","article_publisher":"https:\/\/www.facebook.com\/PERCPesticide\/","article_modified_time":"2023-07-07T20:34:51+00:00","twitter_card":"summary_large_image","twitter_site":"@percpesticide","schema":{"@context":"https:\/\/schema.org","@graph":[{"@type":"WebPage","@id":"https:\/\/www.pesticideresources.org\/guides-for-the-worker-protection-standard\/","url":"https:\/\/www.pesticideresources.org\/guides-for-the-worker-protection-standard\/","name":"Gu\u00edas para la Norma de Protecci\u00f3n del Trabajador - Colaboraci\u00f3n de Recursos Educativos sobre Plaguicidas","isPartOf":{"@id":"https:\/\/www.pesticideresources.org\/#website"},"datePublished":"2023-07-07T20:34:50+00:00","dateModified":"2023-07-07T20:34:51+00:00","breadcrumb":{"@id":"https:\/\/www.pesticideresources.org\/guides-for-the-worker-protection-standard\/#breadcrumb"},"inLanguage":"es","potentialAction":[{"@type":"ReadAction","target":["https:\/\/www.pesticideresources.org\/guides-for-the-worker-protection-standard\/"]}]},{"@type":"BreadcrumbList","@id":"https:\/\/www.pesticideresources.org\/guides-for-the-worker-protection-standard\/#breadcrumb","itemListElement":[{"@type":"ListItem","position":1,"name":"Home","item":"https:\/\/www.pesticideresources.org\/"},{"@type":"ListItem","position":2,"name":"Guides for the Worker Protection Standard"}]},{"@type":"WebSite","@id":"https:\/\/www.pesticideresources.org\/#website","url":"https:\/\/www.pesticideresources.org\/","name":"Colaboraci\u00f3n de recursos educativos sobre pesticidas","description":"","potentialAction":[{"@type":"SearchAction","target":{"@type":"EntryPoint","urlTemplate":"https:\/\/www.pesticideresources.org\/?s={search_term_string}"},"query-input":{"@type":"PropertyValueSpecification","valueRequired":true,"valueName":"search_term_string"}}],"inLanguage":"es"}]}},"_links":{"self":[{"href":"https:\/\/www.pesticideresources.org\/es\/wp-json\/wp\/v2\/pages\/1418","targetHints":{"allow":["GET"]}}],"collection":[{"href":"https:\/\/www.pesticideresources.org\/es\/wp-json\/wp\/v2\/pages"}],"about":[{"href":"https:\/\/www.pesticideresources.org\/es\/wp-json\/wp\/v2\/types\/page"}],"author":[{"embeddable":true,"href":"https:\/\/www.pesticideresources.org\/es\/wp-json\/wp\/v2\/users\/1"}],"replies":[{"embeddable":true,"href":"https:\/\/www.pesticideresources.org\/es\/wp-json\/wp\/v2\/comments?post=1418"}],"version-history":[{"count":2,"href":"https:\/\/www.pesticideresources.org\/es\/wp-json\/wp\/v2\/pages\/1418\/revisions"}],"predecessor-version":[{"id":1420,"href":"https:\/\/www.pesticideresources.org\/es\/wp-json\/wp\/v2\/pages\/1418\/revisions\/1420"}],"wp:attachment":[{"href":"https:\/\/www.pesticideresources.org\/es\/wp-json\/wp\/v2\/media?parent=1418"}],"curies":[{"name":"wp","href":"https:\/\/api.w.org\/{rel}","templated":true}]}}